{"id":56681,"date":"2025-04-30T11:18:42","date_gmt":"2025-04-30T16:18:42","guid":{"rendered":"https:\/\/hmh.org\/?page_id=56681"},"modified":"2025-04-30T11:18:50","modified_gmt":"2025-04-30T16:18:50","slug":"informacion-del-programa-de-voluntariado","status":"publish","type":"page","link":"https:\/\/hmh.org\/es\/informacion-del-programa-de-voluntariado\/","title":{"rendered":"Informaci\u00f3n del Programa de Voluntariado"},"content":{"rendered":"<p>[et_pb_section fb_built=\u00bb1&#8243; admin_label=\u00bbsection\u00bb _builder_version=\u00bb4.16&#8243; global_colors_info=\u00bb{}\u00bb][et_pb_row admin_label=\u00bbrow\u00bb _builder_version=\u00bb4.16&#8243; background_size=\u00bbinitial\u00bb background_position=\u00bbtop_left\u00bb background_repeat=\u00bbrepeat\u00bb global_colors_info=\u00bb{}\u00bb][et_pb_column type=\u00bb4_4&#8243; _builder_version=\u00bb4.16&#8243; custom_padding=\u00bb|||\u00bb global_colors_info=\u00bb{}\u00bb custom_padding__hover=\u00bb|||\u00bb][et_pb_image _builder_version=\u00bb4.27.4&#8243; _module_preset=\u00bbdefault\u00bb title_text=\u00bb1&#8243; src=\u00bbhttps:\/\/hmh.org\/wp-content\/uploads\/1.png\u00bb hover_enabled=\u00bb0&#8243; sticky_enabled=\u00bb0&#8243;][\/et_pb_image][et_pb_text _builder_version=\u00bb4.27.4&#8243; _module_preset=\u00bbdefault\u00bb hover_enabled=\u00bb0&#8243; sticky_enabled=\u00bb0&#8243;]<\/p>\n<h2>DESCRIPCI\u00d3N DE PUESTOS DE VOLUNTARIOS<\/h2>\n<p><strong><u>Mostrador de admisiones<\/u><\/strong><br \/>Los voluntarios del mostrador de admisi\u00f3n recibir\u00e1n a los visitantes, procesar\u00e1n la venta de entradas y membres\u00edas y distribuir\u00e1n audiogu\u00edas. Son responsables de responder preguntas generales sobre el museo y trabajar\u00e1n en estrecha colaboraci\u00f3n con el personal de Servicios para visitantes para satisfacer las n<\/p>\n<p><strong><u>Rol de recepcionista<\/u><\/strong><br \/>Los recepcionistas son la cara visible del museo y garantizan que cada visitante tenga un comienzo positivo e informativo de su experiencia. Los recepcionistas desempe\u00f1an un papel clave a la hora de establecer el tono de la visita de cada visitante, ofreciendo una c\u00e1lida bienvenida, respondiendo a las preguntas iniciales y proporcionando informaci\u00f3n esencial sobre el dise\u00f1o y las ofertas del museo.<\/p>\n<p><strong><u>Librer\u00eda del Museo<\/u><\/strong><br \/>En la librer\u00eda del museo, los voluntarios ayudan a mejorar la experiencia del cliente manteniendo el conocimiento de los productos y ayudando a los visitantes con la selecci\u00f3n de mercader\u00edas. Tambi\u00e9n pueden ayudar con la comercializaci\u00f3n de productos y el seguimiento del inventario seg\u00fan lo necesite el Gerente y el Coordinador de Servicios para Visitantes.<\/p>\n<p><strong><u>Dimensiones en el testimonio (DIT)<\/u><\/strong><br \/>El programa Dimensions in Testimony de la Fundaci\u00f3n Shoah de la USC permite a nuestros visitantes hacer preguntas a William Morgan, un sobreviviente del Holocausto de Houston, y recibir respuestas en tiempo real a trav\u00e9s de entrevistas en video pregrabadas. Los voluntarios de esta \u00e1rea ayudan a los visitantes con tecnolog\u00eda interactiva que tiene un impacto notable en la experiencia del visitante.<\/p>\n<p style=\"padding-bottom: 1em;\"><strong><u>Funci\u00f3n de anfitri\u00f3n de la galer\u00eda<\/u><\/strong><br \/>Despu\u00e9s de un programa de capacitaci\u00f3n de 3,5 horas, los anfitriones de la galer\u00eda brindan atenci\u00f3n a las \u00e1reas sensibles de las galer\u00edas del HMH, recuerdan a los visitantes las pautas del museo y responden las preguntas del p\u00fablico. Los anfitriones de la galer\u00eda est\u00e1n preparados para interactuar con los visitantes de maneras significativas y, al mismo tiempo, garantizar un entorno respetuoso dentro de las distintas galer\u00edas del museo. Esta tambi\u00e9n es una oportunidad perfecta para aquellos interesados en participar en el futuro en nuestro Programa de Docentes.<\/p>\n<p>&nbsp;<\/p>\n<p>[\/et_pb_text][et_pb_text _builder_version=\u00bb4.27.4&#8243; _module_preset=\u00bbdefault\u00bb hover_enabled=\u00bb0&#8243; sticky_enabled=\u00bb0&#8243;]<\/p>\n<h2>PROCESO PARA CONVERTIRSE EN VOLUNTARIO DE HMH<\/h2>\n<p>Agradecemos su inter\u00e9s en convertirse en voluntario de HMH. Lea atentamente lo siguiente antes de completar la solicitud en l\u00ednea:<\/p>\n<ul>\n<li>La edad m\u00ednima para ser voluntario es de 15 a\u00f1os y se requerir\u00e1 el consentimiento de los padres o tutores.<\/li>\n<li>Se requiere el consentimiento para la verificaci\u00f3n de antecedentes de todos los voluntarios adultos.<\/li>\n<li>A los posibles voluntarios se les pedir\u00e1 que asistan a una breve entrevista con el Gerente de Servicios para Visitantes y Voluntarios y luego a una Orientaci\u00f3n para nuevos voluntarios.<\/li>\n<li>Se espera que los voluntarios se comuniquen regularmente con su l\u00edder de equipo, asignado despu\u00e9s de la orientaci\u00f3n.<\/li>\n<li>Se solicita a los voluntarios que trabajen al menos seis (6) horas por mes (o 72 horas acumuladas cada a\u00f1o calendario).<\/li>\n<\/ul>\n<p>Las preguntas pueden dirigirse a <a href=\"mailto:volunteers@hmh.org\">volunteers@hmh.org<\/a> o al 713-527-1636.<\/p>\n<p>[\/et_pb_text][et_pb_image _builder_version=\u00bb4.27.4&#8243; _module_preset=\u00bbdefault\u00bb title_text=\u00bb2&#8243; src=\u00bbhttps:\/\/hmh.org\/wp-content\/uploads\/2.png\u00bb hover_enabled=\u00bb0&#8243; sticky_enabled=\u00bb0&#8243;][\/et_pb_image][et_pb_text _builder_version=\u00bb4.27.4&#8243; _module_preset=\u00bbdefault\u00bb hover_enabled=\u00bb0&#8243; sticky_enabled=\u00bb0&#8243;]<\/p>\n<h2>PROGRAMA DOCENTE<\/h2>\n<p>Un docente del HMH es un apasionado de la misi\u00f3n del museo de educar al p\u00fablico sobre los peligros del odio, los prejuicios y la apat\u00eda. A trav\u00e9s de una formaci\u00f3n integral y experiencias de aprendizaje interactivas, se espera que los docentes dirijan visitas guiadas que involucren y eduquen a visitantes de diversos or\u00edgenes sobre el Holocausto y los derechos humanos.<\/p>\n<p>Para ser elegibles, los candidatos deben haber recibido capacitaci\u00f3n como recepcionistas y anfitriones en todas las galer\u00edas permanentes antes de la entrevista para el Programa de Docentes del HMH, que incluir\u00e1 conferencias y pr\u00e1cticas como parte de su capacitaci\u00f3n. Para obtener m\u00e1s informaci\u00f3n sobre el Programa de Docentes, comun\u00edquese con la Directora Asociada de Docentes y Visitas, Nicole Mather, en <a href=\"mailto:nmather@hmh.org\">nmather@hmh.org<\/a>.<\/p>\n<p>[\/et_pb_text][\/et_pb_column][\/et_pb_row][\/et_pb_section]<\/p>\n","protected":false},"excerpt":{"rendered":"<p>DESCRIPCI\u00d3N DE PUESTOS DE VOLUNTARIOS Mostrador de admisionesLos voluntarios del mostrador de admisi\u00f3n recibir\u00e1n a los visitantes, procesar\u00e1n la venta de entradas y membres\u00edas y distribuir\u00e1n audiogu\u00edas. Son responsables de [&hellip;]<\/p>\n","protected":false},"author":8,"featured_media":0,"parent":0,"menu_order":0,"comment_status":"closed","ping_status":"closed","template":"","meta":{"_acf_changed":false,"_et_pb_use_builder":"on","_et_pb_old_content":"","_et_gb_content_width":"","inline_featured_image":false,"footnotes":""},"class_list":["post-56681","page","type-page","status-publish","hentry"],"acf":[],"_links":{"self":[{"href":"https:\/\/hmh.org\/es\/wp-json\/wp\/v2\/pages\/56681","targetHints":{"allow":["GET"]}}],"collection":[{"href":"https:\/\/hmh.org\/es\/wp-json\/wp\/v2\/pages"}],"about":[{"href":"https:\/\/hmh.org\/es\/wp-json\/wp\/v2\/types\/page"}],"author":[{"embeddable":true,"href":"https:\/\/hmh.org\/es\/wp-json\/wp\/v2\/users\/8"}],"replies":[{"embeddable":true,"href":"https:\/\/hmh.org\/es\/wp-json\/wp\/v2\/comments?post=56681"}],"version-history":[{"count":0,"href":"https:\/\/hmh.org\/es\/wp-json\/wp\/v2\/pages\/56681\/revisions"}],"wp:attachment":[{"href":"https:\/\/hmh.org\/es\/wp-json\/wp\/v2\/media?parent=56681"}],"curies":[{"name":"wp","href":"https:\/\/api.w.org\/{rel}","templated":true}]}}