{"id":56010,"date":"2024-10-24T14:28:36","date_gmt":"2024-10-24T19:28:36","guid":{"rendered":"https:\/\/hmh.org\/?page_id=56010"},"modified":"2024-10-24T14:28:43","modified_gmt":"2024-10-24T19:28:43","slug":"programa-de-educacion-para-adultos","status":"publish","type":"page","link":"https:\/\/hmh.org\/es\/programa-de-educacion-para-adultos\/","title":{"rendered":"Programa de Educaci\u00f3n para Adultos"},"content":{"rendered":"<p>[et_pb_section fb_built=\u00bb1&#8243; admin_label=\u00bbsection\u00bb _builder_version=\u00bb4.16&#8243; global_colors_info=\u00bb{}\u00bb][et_pb_row admin_label=\u00bbrow\u00bb _builder_version=\u00bb4.16&#8243; background_size=\u00bbinitial\u00bb background_position=\u00bbtop_left\u00bb background_repeat=\u00bbrepeat\u00bb global_colors_info=\u00bb{}\u00bb][et_pb_column type=\u00bb4_4&#8243; _builder_version=\u00bb4.16&#8243; custom_padding=\u00bb|||\u00bb global_colors_info=\u00bb{}\u00bb custom_padding__hover=\u00bb|||\u00bb][et_pb_text _builder_version=\u00bb4.27.2&#8243; _module_preset=\u00bbdefault\u00bb hover_enabled=\u00bb0&#8243; sticky_enabled=\u00bb0&#8243;]<\/p>\n<p><strong>Programa de Educaci\u00f3n para Adultos<\/strong><\/p>\n<p>El nuevo Programa de Educaci\u00f3n para Adultos en el Museo del Holocausto de Houston brindar\u00e1 a la comunidad de Houston la oportunidad para entender las lecciones del Holocausto. A trav\u00e9s de una variada de presentaciones, talleres y discusiones, los miembros de la comunidad se sumergir\u00e1n en fuentes primarias, testimonios de sobrevivientes y conocimientos acad\u00e9micos para confrontar las implicaciones morales, \u00e9ticas y sociales del Holocausto. Con un enfoque tem\u00e1tico en el antisemitismo, el Holocausto y los derechos humanos, estos programas tienen como objetivo cultivar el pensamiento cr\u00edtico, la empat\u00eda y un compromiso firme para enfrentar la intolerancia y la injusticia en nuestro mundo contempor\u00e1neo. Al confrontar los cap\u00edtulos m\u00e1s oscuros de la historia humana, el nuevo Programa de Educaci\u00f3n para Adultos en el Museo del Holocausto de Houston act\u00faa como un catalizador para un di\u00e1logo, reflexi\u00f3n y acci\u00f3n significativos, fomentando, en \u00faltima instancia, una sociedad m\u00e1s justa y compasiva para todos.<\/p>\n<p>&nbsp;<\/p>\n<p><strong>Entendiendo el Antisemitismo<\/strong><\/p>\n<p>\u00abEntendiendo el Antisemitismo\u00bb es una presentaci\u00f3n educativa que busca desmantelar los estereotipos antisemitas y los prejuicios da\u00f1inos que han persistido a lo largo de la historia. El programa explora los or\u00edgenes hist\u00f3ricos de estos prejuicios, trazando su evoluci\u00f3n a lo largo de la historia contempor\u00e1nea. Al examinar las peligrosas consecuencias de las ideolog\u00edas antisemitas, los participantes obtienen una comprensi\u00f3n m\u00e1s profunda de c\u00f3mo estos sesgos han contribuido a la discriminaci\u00f3n, la violencia y atrocidades como el Holocausto. En \u00faltima instancia, esta presentaci\u00f3n equipa a los individuos con el conocimiento y las herramientas para identificar y desafiar el antisemitismo en todas sus formas, fomentando una sociedad m\u00e1s inclusiva y tolerante.<\/p>\n<p>&nbsp;<\/p>\n<p><strong>El Arte del Holocausto<\/strong><\/p>\n<p>Este programa invita a los participantes a involucrarse en el an\u00e1lisis e interpretaci\u00f3n de obras de arte creadas por artistas jud\u00edos que vivieron bajo la opresi\u00f3n nazi, ofreciendo una profunda exploraci\u00f3n del arte como una forma tanto de resistencia como de reflexi\u00f3n personal sobre sus experiencias durante el Holocausto. A trav\u00e9s de estas narrativas visuales, se anima a los participantes a considerar el papel cr\u00edtico que el arte puede desempe\u00f1ar en tiempos de extrema injusticia y persecuci\u00f3n. Estas piezas proporcionan una lente \u00fanica e \u00edntima a las luchas diarias, miedos, esperanzas y la resiliencia de los individuos jud\u00edos, destacando c\u00f3mo el arte sirvi\u00f3 como un medio para expresar emociones que no siempre pod\u00edan ponerse en palabras.<\/p>\n<p>El programa utiliza una estrategia de an\u00e1lisis de im\u00e1genes estructurada, guiando a los participantes a trav\u00e9s de una exploraci\u00f3n reflexiva paso a paso de cada pieza. Esta metodolog\u00eda fomenta un pensamiento cr\u00edtico profundo a medida que los participantes examinan las t\u00e9cnicas art\u00edsticas, el simbolismo y el contexto emocional detr\u00e1s de las obras. Las obras de arte abarcan los principales eventos del Holocausto, ayudando a los participantes a conectar los hechos hist\u00f3ricos con las experiencias vividas de las personas jud\u00edas. Al hacerlo, adquieren una comprensi\u00f3n m\u00e1s rica del impacto del Holocausto en los individuos y las comunidades, as\u00ed como el poder perdurable del arte como una forma de testimonio y recuerdo.<\/p>\n<p>&nbsp;<\/p>\n<p><strong>La Vida Despu\u00e9s (del Holocausto)<\/strong><\/p>\n<p>Entre 1933 y 1945, los nazis persiguieron y asesinaron sistem\u00e1ticamente a millones de jud\u00edos junto con otros grupos, como el pueblo roman\u00ed\/sinti, personas con discapacidades y disidentes pol\u00edticos. Despu\u00e9s de 1945, los sobrevivientes enfrentaron el inmenso desaf\u00edo de reconstruir sus vidas, habiendo perdido a menudo a sus familias, hogares y comunidades. Se establecieron campos de personas desplazadas en toda Europa, pero los sobrevivientes lidiaron con un trauma profundo, problemas de salud y la amenaza constante del antisemitismo, adem\u00e1s de navegar por las complejidades de la sociedad de posguerra.<\/p>\n<p>Esta presentaci\u00f3n examina las dificultades que los sobrevivientes del Holocausto y las comunidades enfrentaron al tratar de recuperarse. Utilizando fuentes primarias como im\u00e1genes, testimonios y documentaci\u00f3n, los participantes explorar\u00e1n los esfuerzos por reconstruir vidas, encontrar familiares perdidos y buscar justicia. Entender c\u00f3mo los sobrevivientes del Holocausto intentaron seguir adelante es crucial para reconocer el impacto duradero del Holocausto en el mundo de hoy.<\/p>\n<p>&nbsp;<\/p>\n<p><strong>Para obtener m\u00e1s informaci\u00f3n sobre el Programa de Educaci\u00f3n para Adultos o para programar una presentaci\u00f3n para su grupo, env\u00ede un correo electr\u00f3nico a <\/strong><a href=\"mailto:education@hmh.org\"><strong>education@hmh.org<\/strong><\/a><strong> o llame al 713-527-1653.<\/strong><strong>\u00a0\u00a0\u00a0\u00a0\u00a0 <\/strong><\/p>\n<p>[\/et_pb_text][\/et_pb_column][\/et_pb_row][\/et_pb_section]<\/p>\n","protected":false},"excerpt":{"rendered":"<p>Programa de Educaci\u00f3n para Adultos El nuevo Programa de Educaci\u00f3n para Adultos en el Museo del Holocausto de Houston brindar\u00e1 a la comunidad de Houston la oportunidad para entender las [&hellip;]<\/p>\n","protected":false},"author":8,"featured_media":0,"parent":0,"menu_order":0,"comment_status":"closed","ping_status":"closed","template":"","meta":{"_acf_changed":false,"_et_pb_use_builder":"on","_et_pb_old_content":"","_et_gb_content_width":"","inline_featured_image":false,"footnotes":""},"class_list":["post-56010","page","type-page","status-publish","hentry"],"acf":[],"_links":{"self":[{"href":"https:\/\/hmh.org\/es\/wp-json\/wp\/v2\/pages\/56010","targetHints":{"allow":["GET"]}}],"collection":[{"href":"https:\/\/hmh.org\/es\/wp-json\/wp\/v2\/pages"}],"about":[{"href":"https:\/\/hmh.org\/es\/wp-json\/wp\/v2\/types\/page"}],"author":[{"embeddable":true,"href":"https:\/\/hmh.org\/es\/wp-json\/wp\/v2\/users\/8"}],"replies":[{"embeddable":true,"href":"https:\/\/hmh.org\/es\/wp-json\/wp\/v2\/comments?post=56010"}],"version-history":[{"count":0,"href":"https:\/\/hmh.org\/es\/wp-json\/wp\/v2\/pages\/56010\/revisions"}],"wp:attachment":[{"href":"https:\/\/hmh.org\/es\/wp-json\/wp\/v2\/media?parent=56010"}],"curies":[{"name":"wp","href":"https:\/\/api.w.org\/{rel}","templated":true}]}}