{"id":54376,"date":"2023-10-12T02:33:17","date_gmt":"2023-10-12T07:33:17","guid":{"rendered":"https:\/\/hmh.org\/?page_id=54376"},"modified":"2025-12-08T04:08:41","modified_gmt":"2025-12-08T10:08:41","slug":"colecciones","status":"publish","type":"page","link":"https:\/\/hmh.org\/es\/colecciones\/","title":{"rendered":"Colecci\u00f3nes"},"content":{"rendered":"<p>[et_pb_section fb_built=\u00bb1&#8243; custom_padding_last_edited=\u00bbon|phone\u00bb _builder_version=\u00bb4.22.2&#8243; _module_preset=\u00bbdefault\u00bb custom_padding=\u00bb0px||0px||true|false\u00bb custom_padding_tablet=\u00bb||||true|false\u00bb custom_padding_phone=\u00bb||||true|false\u00bb locked=\u00bboff\u00bb collapsed=\u00bboff\u00bb global_colors_info=\u00bb{}\u00bb][et_pb_row custom_padding_last_edited=\u00bbon|tablet\u00bb disabled_on=\u00bboff|off|off\u00bb _builder_version=\u00bb4.22.2&#8243; _module_preset=\u00bbdefault\u00bb width=\u00bb100%\u00bb width_tablet=\u00bb100%\u00bb width_phone=\u00bb100%\u00bb width_last_edited=\u00bbon|desktop\u00bb max_width=\u00bb100%\u00bb custom_padding=\u00bb0px||0px||false|false\u00bb custom_padding_tablet=\u00bb||20px||false|false\u00bb custom_padding_phone=\u00bb||20px||false|false\u00bb global_colors_info=\u00bb{}\u00bb][et_pb_column type=\u00bb4_4&#8243; _builder_version=\u00bb4.18.0&#8243; _module_preset=\u00bbdefault\u00bb global_colors_info=\u00bb{}\u00bb][et_pb_text _builder_version=\u00bb4.22.2&#8243; _module_preset=\u00bb86455770-bee1-437e-a943-6f643df6ecc0&#8243; header_6_font=\u00bb||||||||\u00bb custom_margin_tablet=\u00bb||||false|false\u00bb custom_margin_phone=\u00bb||||false|false\u00bb custom_margin_last_edited=\u00bbon|phone\u00bb custom_padding_tablet=\u00bb||||false|false\u00bb custom_padding_phone=\u00bb||||false|false\u00bb custom_padding_last_edited=\u00bbon|desktop\u00bb global_colors_info=\u00bb{}\u00bb]La colecci\u00f3n del Museo del Holocausto de Houston consiste en m\u00e1s de 10,000 art\u00edculos que pertenecieron a v\u00edctimas y supervivientes del Holocausto y a sus familias. Estos valiosos artefactos, donados por personas que vivieron el Holocausto en carne propia, cuentan las tr\u00e1gicas e inspiradoras historias de nuestra comunidad local de supervivientes.[\/et_pb_text][et_pb_code module_class=\u00bbvideo_slide_code vimeo_video_slider\u00bb _builder_version=\u00bb4.22.2&#8243; _module_preset=\u00bbdefault\u00bb global_colors_info=\u00bb{}\u00bb]\t\t<div id=\"image_gallery_54384\" class=\"row all-images\">\n\t\t\t<div class=\"slider-pro\" id=\"my-slider-54384\">\n\t\t\t\t<div class=\"sp-slides\">\n\t\t\t\t\t\t\t\t\t\t\t\t<div class=\"sp-slide\">\n\t\t\t\t\t\t\t\t\t\t\t\t\t\t\t\t\t<img decoding=\"async\" class=\"sp-image\" src=\"https:\/\/hmh.org\/wp-content\/plugins\/media-slider\/css\/images\/blank.gif\"\n\t\t\t\t\t\t\t\t\t\tdata-src=\"https:\/\/hmh.org\/wp-content\/uploads\/dsc-2231.jpg-1440x880-q85-crop-subsampling-2-upscale.jpg\" data-small=\"https:\/\/hmh.org\/wp-content\/uploads\/dsc-2231.jpg-1440x880-q85-crop-subsampling-2-upscale.jpg\"\n\t\t\t\t\t\t\t\t\t\tdata-medium=\"https:\/\/hmh.org\/wp-content\/uploads\/dsc-2231.jpg-1440x880-q85-crop-subsampling-2-upscale.jpg\" data-large=\"https:\/\/hmh.org\/wp-content\/uploads\/dsc-2231.jpg-1440x880-q85-crop-subsampling-2-upscale.jpg\"\n\t\t\t\t\t\t\t\t\t\tdata-retina=\"https:\/\/hmh.org\/wp-content\/uploads\/dsc-2231.jpg-1440x880-q85-crop-subsampling-2-upscale.jpg\" \/>\n\n\t\t\t\t\t\t\t\t\t\t\t\t\t\t\t\t\t\t\t<p class=\"sp-layer sp-white sp-padding\" align=\"center\"\n\t\t\t\t\t\t\t\t\t\t\tdata-position=\"bottom\"\n\t\t\t\t\t\t\t\t\t\t\tdata-vertical=\"35\" data-horizontal=\"10\"\n\t\t\t\t\t\t\t\t\t\t\tdata-show-delay=\"500\">\n\t\t\t\t\t\t\t\t\t\t\t\t\t\t\t\t\t\t\t\t\t\t\t\t\t\t\t\t\t\t\t\t<\/p>\n\t\t\t\t\t\t\t\t\t\n\t\t\t\t\t\t\t\t\t\t\t\t\t\t\t\t\t\t\t<p class=\"sp-caption\"><span class=\"caption-css\">\n\t\t\t\t\t\t\t\t\t\t\t\t\t\t\t\t\t\t\t\t\t\t\t<\/span><\/p>\n\t\t\t\t\t\t\t\t\t\t\t\t\t\t\t\t\t\t\t\t\t\t\t\t\t\t\t\t\t\t\t\t<\/div>\n\t\t\t\t\t\t\t\t\t\t\t\t\t\t<div class=\"sp-slide\">\n\t\t\t\t\t\t\t\t\t\t\t\t\t\t\t\t\t<img decoding=\"async\" class=\"sp-image\" src=\"https:\/\/hmh.org\/wp-content\/plugins\/media-slider\/css\/images\/blank.gif\"\n\t\t\t\t\t\t\t\t\t\tdata-src=\"https:\/\/hmh.org\/wp-content\/uploads\/035holocaustreopeningday2.jpg-1440x880-q85-crop-subsampling-2-upscale.jpg\" data-small=\"https:\/\/hmh.org\/wp-content\/uploads\/035holocaustreopeningday2.jpg-1440x880-q85-crop-subsampling-2-upscale.jpg\"\n\t\t\t\t\t\t\t\t\t\tdata-medium=\"https:\/\/hmh.org\/wp-content\/uploads\/035holocaustreopeningday2.jpg-1440x880-q85-crop-subsampling-2-upscale.jpg\" data-large=\"https:\/\/hmh.org\/wp-content\/uploads\/035holocaustreopeningday2.jpg-1440x880-q85-crop-subsampling-2-upscale.jpg\"\n\t\t\t\t\t\t\t\t\t\tdata-retina=\"https:\/\/hmh.org\/wp-content\/uploads\/035holocaustreopeningday2.jpg-1440x880-q85-crop-subsampling-2-upscale.jpg\" \/>\n\n\t\t\t\t\t\t\t\t\t\t\t\t\t\t\t\t\t\t\t<p class=\"sp-layer sp-white sp-padding\" align=\"center\"\n\t\t\t\t\t\t\t\t\t\t\tdata-position=\"bottom\"\n\t\t\t\t\t\t\t\t\t\t\tdata-vertical=\"35\" data-horizontal=\"10\"\n\t\t\t\t\t\t\t\t\t\t\tdata-show-delay=\"500\">\n\t\t\t\t\t\t\t\t\t\t\t\t\t\t\t\t\t\t\t\t\t\t\t\t\t\t\t\t\t\t\t\t<\/p>\n\t\t\t\t\t\t\t\t\t\n\t\t\t\t\t\t\t\t\t\t\t\t\t\t\t\t\t\t\t<p class=\"sp-caption\"><span class=\"caption-css\">\n\t\t\t\t\t\t\t\t\t\t\t\t\t\t\t\t\t\t\t\t\t\t\t<\/span><\/p>\n\t\t\t\t\t\t\t\t\t\t\t\t\t\t\t\t\t\t\t\t\t\t\t\t\t\t\t\t\t\t\t\t<\/div>\n\t\t\t\t\t\t\t\t\t\t\t\t\t\t<div class=\"sp-slide\">\n\t\t\t\t\t\t\t\t\t\t\t\t\t\t\t\t\t<img decoding=\"async\" class=\"sp-image\" src=\"https:\/\/hmh.org\/wp-content\/plugins\/media-slider\/css\/images\/blank.gif\"\n\t\t\t\t\t\t\t\t\t\tdata-src=\"https:\/\/hmh.org\/wp-content\/uploads\/040holocaustreopeningday2.jpg-1440x880-q85-crop-subsampling-2-upscale.jpg\" data-small=\"https:\/\/hmh.org\/wp-content\/uploads\/040holocaustreopeningday2.jpg-1440x880-q85-crop-subsampling-2-upscale.jpg\"\n\t\t\t\t\t\t\t\t\t\tdata-medium=\"https:\/\/hmh.org\/wp-content\/uploads\/040holocaustreopeningday2.jpg-1440x880-q85-crop-subsampling-2-upscale.jpg\" data-large=\"https:\/\/hmh.org\/wp-content\/uploads\/040holocaustreopeningday2.jpg-1440x880-q85-crop-subsampling-2-upscale.jpg\"\n\t\t\t\t\t\t\t\t\t\tdata-retina=\"https:\/\/hmh.org\/wp-content\/uploads\/040holocaustreopeningday2.jpg-1440x880-q85-crop-subsampling-2-upscale.jpg\" \/>\n\n\t\t\t\t\t\t\t\t\t\t\t\t\t\t\t\t\t\t\t<p class=\"sp-layer sp-white sp-padding\" align=\"center\"\n\t\t\t\t\t\t\t\t\t\t\tdata-position=\"bottom\"\n\t\t\t\t\t\t\t\t\t\t\tdata-vertical=\"35\" data-horizontal=\"10\"\n\t\t\t\t\t\t\t\t\t\t\tdata-show-delay=\"500\">\n\t\t\t\t\t\t\t\t\t\t\t\t\t\t\t\t\t\t\t\t\t\t\t\t\t\t\t\t\t\t\t\t<\/p>\n\t\t\t\t\t\t\t\t\t\n\t\t\t\t\t\t\t\t\t\t\t\t\t\t\t\t\t\t\t<p class=\"sp-caption\"><span class=\"caption-css\">\n\t\t\t\t\t\t\t\t\t\t\t\t\t\t\t\t\t\t\t\t\t\t\t<\/span><\/p>\n\t\t\t\t\t\t\t\t\t\t\t\t\t\t\t\t\t\t\t\t\t\t\t\t\t\t\t\t\t\t\t\t<\/div>\n\t\t\t\t\t\t\t\t\t\t\t<\/div>\n\t\t\t\t\t\t\t<\/div>\n\t\t<\/div>\n\t\t<style>\n\t.title-css {\n\t\tfont-size: 18px;\n\t\tfont-weight: bolder;\n\t\ttext-transform: uppercase;\n\t}\n\n\t.desc-css {\n\t\tfont-size: 16px;\n\t}\n\n\t.caption-css {\n\t\tfont-size: 16px;\n\t\tfont-weight: bolder;\n\t\ttext-transform: uppercase;\n\t}\n\n\ta.sp-video:after {\n\t\tbox-sizing: unset;\n\t}\n\n\t<\/style>\n<script type=\"application\/javascript\">\n\tjQuery(document).ready(function (jQuery) {\n\t\tjQuery(\"#my-slider-54384\").sliderPro({\n\t\t\twidth: 700,\n\t\t\theight: 550,\n\t\t\t\/\/Slide\n\t\t\tcenterImage: true,\n\t\t\tallowScaleUp: true,\n\t\t\tautoSlideSize: false,\n\t\t\tautoHeight: true,\n\t\t\tshuffle: false,\n\t\t\tloop: true,\n\t\t\tvisibleSize: 'auto',\n\t\t\twaitForLayers: false,\n\t\t\tautoScaleLayers: true,\n\t\t\t\/\/Auto\n\t\t\tautoplay: false,\n\t\t\tautoplayDelay: 5000,\n\t\t\tautoplayOnHover: 'pause',\n\t\t\t\/\/Navigation\n\t\t\tarrows: true,\n\t\t\tfadeArrows: false,\n\t\t\tbuttons: false,\n\t\t\tkeyboard: false,\n\t\t\tfullScreen: false,\n\t\t\tfadeFullScreen: false,\n\t\t\t\/\/Video\n\t\t\tplayVideoAction: 'stopAutoplay',\n\t\t\tpauseVideoAction: 'none',\n\t\t\t\/\/Thumbnails\n\t\t\tthumbnailWidth: 200,\n\t\t\tthumbnailHeight: 100,\n\t\t\tthumbnailsPosition: 'top',\n\t\t\tthumbnailArrows: true,\n\t\t\tfadeThumbnailArrows: false,\n\t\t\tthumbnailTouchSwipe: true\t\t});\n\t});\n<\/script>[\/et_pb_code][et_pb_image src=\u00bbhttps:\/\/hmh.org\/wp-content\/uploads\/artefactos.jpg\u00bb alt=\u00bbartefactos\u00bb title_text=\u00bbartefactos\u00bb _builder_version=\u00bb4.22.2&#8243; _module_preset=\u00bbdefault\u00bb global_colors_info=\u00bb{}\u00bb][\/et_pb_image][et_pb_text _builder_version=\u00bb4.22.2&#8243; _module_preset=\u00bb86455770-bee1-437e-a943-6f643df6ecc0&#8243; header_6_font=\u00bb||||||||\u00bb custom_margin_tablet=\u00bb||||false|false\u00bb custom_margin_phone=\u00bb||||false|false\u00bb custom_margin_last_edited=\u00bbon|phone\u00bb custom_padding_tablet=\u00bb||||false|false\u00bb custom_padding_phone=\u00bb||||false|false\u00bb custom_padding_last_edited=\u00bbon|desktop\u00bb global_colors_info=\u00bb{}\u00bb]Los artefactos apoyan la misi\u00f3n del Museo del Holocausto de Houston y juegan un papel importante en la ense\u00f1anza contra los peligros del odio, los prejuicios y la apat\u00eda. La conservaci\u00f3n y la preservaci\u00f3n son necesarias para proteger las colecciones del museo para las generaciones futuras.<\/p>\n<p>Como visitante del Museo del Holocausto de Houston, es posible que haya recorrido nuestra exhibici\u00f3n permanente y haya visto de primera mano el uniforme de campo de concentraci\u00f3n usado por un sobreviviente del Holocausto en el \u00e1rea de Houston, subi\u00f3 a nuestro vag\u00f3n de 1942 del tipo utilizado para transportar jud\u00edos a la concentraci\u00f3n. o vieron el barco dan\u00e9s de 1942 como los utilizados para salvar a m\u00e1s de 7.500 jud\u00edos de la ejecuci\u00f3n. Al adoptar un artefacto, ayuda a apoyar al Museo del Holocausto de Houston en el cuidado preventivo y el tratamiento de todos los objetos de nuestra colecci\u00f3n y ayuda a garantizar su preservaci\u00f3n a largo plazo.<\/p>\n<p>Todos los regalos de Adopte un Artefacto ser\u00e1n reconocidos con:<\/p>\n<p>Una tarjeta de artefacto brillante de 5 por 7 pulgadas que destaca un objeto especial de la colecci\u00f3n del Museo del Holocausto de Houston<\/p>\n<p>Un im\u00e1n de Holocaust Museum Houston<\/p>\n<p>Para obsequios de m\u00e1s de $ 1,000, se ofrecer\u00e1 a los donantes un recorrido \u201cdetr\u00e1s de escena\u201d de nuestra colecci\u00f3n permanente con el Director de Colecciones y Exposiciones.[\/et_pb_text][et_pb_image src=\u00bbhttps:\/\/hmh.org\/wp-content\/uploads\/contribuir-colecion.jpg\u00bb alt=\u00bbcontribuir colecion\u00bb title_text=\u00bbcontribuir colecion\u00bb _builder_version=\u00bb4.22.2&#8243; _module_preset=\u00bbdefault\u00bb global_colors_info=\u00bb{}\u00bb][\/et_pb_image][et_pb_text _builder_version=\u00bb4.22.2&#8243; _module_preset=\u00bb86455770-bee1-437e-a943-6f643df6ecc0&#8243; header_6_font=\u00bb||||||||\u00bb custom_margin_tablet=\u00bb||||false|false\u00bb custom_margin_phone=\u00bb||||false|false\u00bb custom_margin_last_edited=\u00bbon|phone\u00bb custom_padding_tablet=\u00bb||||false|false\u00bb custom_padding_phone=\u00bb||||false|false\u00bb custom_padding_last_edited=\u00bbon|desktop\u00bb global_colors_info=\u00bb{}\u00bb]<\/p>\n<p>Si tiene objetos, documentos o fotograf\u00edas que est\u00e1 dispuesto a donar, esperamos tener noticias suyas. Sus artefactos originales relacionados con el Holocausto y las experiencias de personas cuyas vidas se vieron directamente afectadas por esos eventos pueden inspirar a las generaciones futuras y capacitar a los j\u00f3venes para luchar contra la intolerancia, el odio y el antisemitismo.<\/p>\n<p>Buscamos materiales que reflejen dos \u00e1reas tem\u00e1ticas:<\/p>\n<p>La vida jud\u00eda antes, durante y despu\u00e9s de la Segunda Guerra Mundial<br \/>El Holocausto y sus secuelas.<\/p>\n<p>El museo ya no acepta banderas nazis, dagas del Tercer Reich y espadas.<\/p>\n<p>Para comenzar con su donaci\u00f3n de artefactos, por favor, p\u00f3ngase en contacto con el departamento de conservaci\u00f3n. Llame al <a href=\"tel:7135271632\">713-527-1632<\/a> o envie un mensaje electronico a <a href=\"mailto:info@hmh.org\">info@hmh.org<\/a><\/p>\n<p>Los art\u00edculos acompa\u00f1ados con una fotograf\u00eda de la persona de la Segunda Guerra Mundial que recolect\u00f3 el art\u00edculo, una cuenta personal de cualquier longitud y \/ o copias de los documentos de servicio disponibles tienen m\u00e1s probabilidades de influir en la aceptaci\u00f3n de un art\u00edculo; sin embargo, cada oferta se juzga de forma individual. Siempre estamos buscando artefactos con una buena historia. Los art\u00edculos ofrecidos para donaci\u00f3n son revisados por un comit\u00e9 de cobros.<\/p>\n<p>[\/et_pb_text][\/et_pb_column][\/et_pb_row][\/et_pb_section]<\/p>\n","protected":false},"excerpt":{"rendered":"<p>Lorem Ipsum as their default model text<\/p>\n","protected":false},"author":1,"featured_media":54380,"parent":0,"menu_order":0,"comment_status":"closed","ping_status":"closed","template":"","meta":{"_acf_changed":false,"_et_pb_use_builder":"on","_et_pb_old_content":"[et_pb_section fb_built=\"1\" _builder_version=\"4.18.0\" _module_preset=\"default\" custom_padding=\"0px||0px||true|false\" locked=\"off\" global_colors_info=\"{}\"][et_pb_row custom_padding_last_edited=\"on|tablet\" disabled_on=\"off|off|off\" _builder_version=\"4.18.0\" _module_preset=\"default\" width=\"100%\" width_tablet=\"100%\" width_phone=\"100%\" width_last_edited=\"on|phone\" max_width=\"100%\" custom_padding=\"0px||0px||false|false\" custom_padding_tablet=\"||20px||false|false\" custom_padding_phone=\"||20px||false|false\" global_colors_info=\"{}\"][et_pb_column type=\"4_4\" _builder_version=\"4.18.0\" _module_preset=\"default\" global_colors_info=\"{}\"][et_pb_text _builder_version=\"4.21.0\" _module_preset=\"86455770-bee1-437e-a943-6f643df6ecc0\" header_6_font=\"||||||||\" custom_margin_tablet=\"||||false|false\" custom_margin_phone=\"||||false|false\" custom_margin_last_edited=\"on|phone\" custom_padding_tablet=\"||||false|false\" custom_padding_phone=\"||||false|false\" custom_padding_last_edited=\"on|desktop\" hover_enabled=\"0\" global_colors_info=\"{}\" sticky_enabled=\"0\"]Charged with educating students and the public about the dangers of prejudice and hatred in society, Holocaust Museum Houston opened its doors in March of 1996. Since that time, impassioned notes, poems, artwork, and other gifts, from school children and adults alike, attest to the life-changing thoughts generated by just one visit to this unique facility.\r\n\r\nIn 1981, Siegi Izakson, a Holocaust survivor and long-time Houston resident, had an epiphany. After attending an international gathering of Holocaust survivors in Israel, Izakson realized his peers were getting older and, as they passed away, their stories and memories of unchecked prejudice would go with them. He returned to Houston convinced that the city needed a Holocaust education center and memorial that would preserve for future generations the memory of those who had perished and the stories of those who had survived.\r\n\r\nOn March 3, 1996, just 13 years after Izakson first dreamed of the idea, Holocaust Museum Houston was officially opened for admission with Izakson proclaiming, \u201cThis means the Holocaust story will not go away.\u201d\r\n\r\nAfter a $34 million expansion, the Museum reopened in June 2019 after more than doubling in size to a total of 57,000 square feet. Ranked as the nation's fourth largest Holocaust museum and fully bilingual in English and Spanish, the new three-story structure houses a welcome center, four permanent galleries and two changing exhibition galleries, classrooms, research library, caf\u00e9, 187-seat indoor theater and 175-seat outdoor amphitheater. With more than 50 screens, mini-theaters and interactive terminals are featured throughout the Museum.[\/et_pb_text][et_pb_button button_url=\"@ET-DC@eyJkeW5hbWljIjp0cnVlLCJjb250ZW50IjoicG9zdF9saW5rX3VybF9wYWdlIiwic2V0dGluZ3MiOnsicG9zdF9pZCI6IjM3ODUyIn19@\" button_text=\" PLAN YOUR VISIT\" _builder_version=\"4.18.0\" _dynamic_attributes=\"button_url\" _module_preset=\"3a53138c-55a3-474c-98b6-90dbf70ef34c\" global_colors_info=\"{}\"][\/et_pb_button][\/et_pb_column][\/et_pb_row][\/et_pb_section]","_et_gb_content_width":"","inline_featured_image":false,"footnotes":""},"class_list":["post-54376","page","type-page","status-publish","has-post-thumbnail","hentry"],"acf":[],"_links":{"self":[{"href":"https:\/\/hmh.org\/es\/wp-json\/wp\/v2\/pages\/54376","targetHints":{"allow":["GET"]}}],"collection":[{"href":"https:\/\/hmh.org\/es\/wp-json\/wp\/v2\/pages"}],"about":[{"href":"https:\/\/hmh.org\/es\/wp-json\/wp\/v2\/types\/page"}],"author":[{"embeddable":true,"href":"https:\/\/hmh.org\/es\/wp-json\/wp\/v2\/users\/1"}],"replies":[{"embeddable":true,"href":"https:\/\/hmh.org\/es\/wp-json\/wp\/v2\/comments?post=54376"}],"version-history":[{"count":0,"href":"https:\/\/hmh.org\/es\/wp-json\/wp\/v2\/pages\/54376\/revisions"}],"wp:featuredmedia":[{"embeddable":true,"href":"https:\/\/hmh.org\/es\/wp-json\/wp\/v2\/media\/54380"}],"wp:attachment":[{"href":"https:\/\/hmh.org\/es\/wp-json\/wp\/v2\/media?parent=54376"}],"curies":[{"name":"wp","href":"https:\/\/api.w.org\/{rel}","templated":true}]}}