{"id":49564,"date":"2023-09-12T12:28:12","date_gmt":"2023-09-12T17:28:12","guid":{"rendered":"https:\/\/hmh.org\/?page_id=49564"},"modified":"2023-09-20T23:37:28","modified_gmt":"2023-09-21T04:37:28","slug":"libros-electronicos","status":"publish","type":"page","link":"https:\/\/hmh.org\/es\/educacion\/libros-electronicos\/","title":{"rendered":"Libros Electr\u00f3nicos"},"content":{"rendered":"<p>[et_pb_section fb_built=\u00bb1&#8243; admin_label=\u00bbsection\u00bb _builder_version=\u00bb4.18.0&#8243; custom_padding=\u00bb0px||0px||true|false\u00bb locked=\u00bboff\u00bb global_colors_info=\u00bb{}\u00bb][et_pb_row use_custom_gutter=\u00bbon\u00bb custom_padding_last_edited=\u00bbon|phone\u00bb admin_label=\u00bbrow\u00bb _builder_version=\u00bb4.18.0&#8243; background_size=\u00bbinitial\u00bb background_position=\u00bbtop_left\u00bb background_repeat=\u00bbrepeat\u00bb width=\u00bb100%\u00bb width_tablet=\u00bb100%\u00bb width_phone=\u00bb100%\u00bb width_last_edited=\u00bbon|tablet\u00bb max_width=\u00bb100%\u00bb custom_padding=\u00bb||0px||false|false\u00bb custom_padding_tablet=\u00bb||0px||false|false\u00bb custom_padding_phone=\u00bb20px||10px||false|false\u00bb global_colors_info=\u00bb{}\u00bb][et_pb_column type=\u00bb4_4&#8243; _builder_version=\u00bb4.16&#8243; custom_padding=\u00bb|||\u00bb global_colors_info=\u00bb{}\u00bb custom_padding__hover=\u00bb|||\u00bb][et_pb_text _builder_version=\u00bb4.22.1&#8243; _module_preset=\u00bb86455770-bee1-437e-a943-6f643df6ecc0&#8243; global_colors_info=\u00bb{}\u00bb]<\/p>\n<h2>LIBROS ELECTR\u00d3NICOS<\/h2>\n<p>El programa Libros Electr\u00f3nicos es un programa escolar GRATUITO que utiliza literaturas basadas en temas del Holocausto, Derechos Humanos e incluye lecciones de nuestro car\u00e1cter y el impacto que tiene en interacciones sociales. Este programa es para estudiantes de kindergarten hasta el 12\u00ba grado.<\/p>\n<p>La colecci\u00f3n de Libros Electr\u00f3nicos para las escuelas primarias, intermedias y secundarias exploran la historia del Holocausto y los derechos humanos e incluyen lecciones sobre liderazgo y c\u00f3mo tomar una posici\u00f3n proactiva contra los actos de injusticia o intolerancia.<\/p>\n<p>Nuestra colecci\u00f3n presenta libros ilustrados, novelas, diarios, poes\u00eda, novelas gr\u00e1ficas y memorias con planes de lecciones suplementarios y un plan de estudios para acompa\u00f1ar los t\u00edtulo<\/p>\n<p>Los maestros pueden pedir prestados series de libros electr\u00f3nicos GRATIS por hasta 3 semanas. Los maestros y los estudiantes pueden acceder a los t\u00edtulos digitalmente en dispositivos electr\u00f3nicos personales. Adem\u00e1s, los estudiantes tendr\u00e1n acceso a todo el cat\u00e1logo de la Biblioteca HMH Boniuk y pueden pedir prestados t\u00edtulos adicionales de nuestra Biblioteca sin costo adicional<\/p>\n<p><strong>\u00bfQu\u00e9 incluye la colecci\u00f3n de libros electr\u00f3nicos?<\/strong><\/p>\n<ul>\n<li>Una colecci\u00f3n curada de t\u00edtulos disponibles digitalmente<\/li>\n<li>T\u00edtulos populares en Espa\u00f1ol<\/li>\n<li>Gu\u00edas del plan de estudios y planes de lecciones para apoyar la lectura y el aprendizaje<\/li>\n<\/ul>\n<p><strong>\u00bfC\u00f3mo pueden mis alumnos obtener estos libroReg\u00edstrese en el Departamento de Educaci\u00f3n<\/strong><\/p>\n<ul>\n<li>Distribuir ID de usuario a sus estudiantes<\/li>\n<li>Mu\u00e9streles a qu\u00e9 colecci\u00f3n o t\u00edtulo (s) desea que accedan<\/li>\n<li>Los estudiantes pueden leer los t\u00edtulos en dispositivos electr\u00f3nicos personales como computadoras de escritorio, computadoras port\u00e1tiles, tabletas y tel\u00e9fonos inteligentes<\/li>\n<li>Los estudiantes pueden pedir prestados t\u00edtulos adicionales de la Biblioteca del Museo GRATIS<\/li>\n<\/ul>\n<p>Los libros electr\u00f3nicos est\u00e1n disponibles digitalmente en ingl\u00e9s o l en espa\u00f1ol. Algunos t\u00edtulos est\u00e1n disponibles en formato de audiolibros, en los idiomas ingl\u00e9s o espa\u00f1ol. Tenga en cuenta que todos los libros no est\u00e1n disponibles en el mismo formato.<\/p>\n<p>Maestros: \u00bfnecesitan una serie de aparatos electr\u00f3nicos (tabletas) para sus estudiantes? Solicite un Ba\u00fal Educativo cuando ordene sus Libros Electr\u00f3nicos. Los Ba\u00fales Educativos contienen una serie de 30 tabletas, iPad Mini, con la aplicaci\u00f3n Libby, lista para usar. Maestros pueden pedir prestados los Ba\u00fales educativos por 3 semanas para utilizar junto con los Libros electr\u00f3nicos.<\/p>\n<p>Para ver nuestras colecciones y t\u00edtulos seleccionados, visite la p\u00e1gina: <a href=\"https:\/\/boniuklibrary.overdrive.com\/library\/etrunks\" target=\"_blank\" rel=\"noopener\">https:\/\/boniuklibrary.overdrive.com\/library\/etrunks<\/a><\/p>\n<p>Para obtener m\u00e1s informaci\u00f3n sobre el programa Libros Electr\u00f3nicos o para reservar libros electr\u00f3nicos para su aula, cont\u00e1ctenos al <a href=\"mailto:ebooks@hmh.org\" target=\"_blank\" rel=\"noopener\">ebooks@hmh.org<\/a> o llame al <a href=\"tel:7135271611\">713-527-1611<\/a>.<\/p>\n<p>El programa Libros Electr\u00f3nicos recibe el generoso apoyo del:<\/p>\n<p>The Texas Holocaust, Genocide, and Antisemitism Advisory Commission<br \/>Diane Merrill<\/p>\n<p>[\/et_pb_text][\/et_pb_column][\/et_pb_row][et_pb_row column_structure=\u00bb1_3,1_3,1_3&#8243; use_custom_gutter=\u00bbon\u00bb custom_padding_last_edited=\u00bbon|phone\u00bb admin_label=\u00bbrow\u00bb _builder_version=\u00bb4.18.0&#8243; background_size=\u00bbinitial\u00bb background_position=\u00bbtop_left\u00bb background_repeat=\u00bbrepeat\u00bb width=\u00bb100%\u00bb width_tablet=\u00bb100%\u00bb width_phone=\u00bb100%\u00bb width_last_edited=\u00bbon|tablet\u00bb max_width=\u00bb100%\u00bb custom_padding=\u00bb||0px||false|false\u00bb custom_padding_tablet=\u00bb||0px||false|false\u00bb custom_padding_phone=\u00bb20px||10px||false|false\u00bb global_colors_info=\u00bb{}\u00bb][et_pb_column type=\u00bb1_3&#8243; _builder_version=\u00bb4.16&#8243; custom_padding=\u00bb|||\u00bb global_colors_info=\u00bb{}\u00bb custom_padding__hover=\u00bb|||\u00bb][et_pb_image src=\u00bbhttps:\/\/hmh.org\/wp-content\/uploads\/2021-new-logo-name-thgaac-logo-2-scaled.jpg\u00bb alt=\u00bb2021 new logo name thgaac logo\u00bb title_text=\u00bb2021 new logo name thgaac logo\u00bb align=\u00bbcenter\u00bb _builder_version=\u00bb4.22.1&#8243; _module_preset=\u00bbdefault\u00bb hover_enabled=\u00bb0&#8243; global_colors_info=\u00bb{}\u00bb max_width=\u00bb50%\u00bb sticky_enabled=\u00bb0&#8243;][\/et_pb_image][\/et_pb_column][et_pb_column type=\u00bb1_3&#8243; _builder_version=\u00bb4.16&#8243; custom_padding=\u00bb|||\u00bb global_colors_info=\u00bb{}\u00bb custom_padding__hover=\u00bb|||\u00bb][\/et_pb_column][et_pb_column type=\u00bb1_3&#8243; _builder_version=\u00bb4.16&#8243; custom_padding=\u00bb|||\u00bb global_colors_info=\u00bb{}\u00bb custom_padding__hover=\u00bb|||\u00bb][\/et_pb_column][\/et_pb_row][\/et_pb_section]<\/p>\n","protected":false},"excerpt":{"rendered":"<p>LIBROS ELECTR\u00d3NICOS El programa Libros Electr\u00f3nicos es un programa escolar GRATUITO que utiliza literaturas basadas en temas del Holocausto, Derechos Humanos e incluye lecciones de nuestro car\u00e1cter y el impacto [&hellip;]<\/p>\n","protected":false},"author":1,"featured_media":49593,"parent":49249,"menu_order":0,"comment_status":"closed","ping_status":"closed","template":"","meta":{"_acf_changed":false,"_et_pb_use_builder":"on","_et_pb_old_content":"","_et_gb_content_width":"","inline_featured_image":false,"footnotes":""},"class_list":["post-49564","page","type-page","status-publish","has-post-thumbnail","hentry"],"acf":[],"_links":{"self":[{"href":"https:\/\/hmh.org\/es\/wp-json\/wp\/v2\/pages\/49564","targetHints":{"allow":["GET"]}}],"collection":[{"href":"https:\/\/hmh.org\/es\/wp-json\/wp\/v2\/pages"}],"about":[{"href":"https:\/\/hmh.org\/es\/wp-json\/wp\/v2\/types\/page"}],"author":[{"embeddable":true,"href":"https:\/\/hmh.org\/es\/wp-json\/wp\/v2\/users\/1"}],"replies":[{"embeddable":true,"href":"https:\/\/hmh.org\/es\/wp-json\/wp\/v2\/comments?post=49564"}],"version-history":[{"count":0,"href":"https:\/\/hmh.org\/es\/wp-json\/wp\/v2\/pages\/49564\/revisions"}],"up":[{"embeddable":true,"href":"https:\/\/hmh.org\/es\/wp-json\/wp\/v2\/pages\/49249"}],"wp:featuredmedia":[{"embeddable":true,"href":"https:\/\/hmh.org\/es\/wp-json\/wp\/v2\/media\/49593"}],"wp:attachment":[{"href":"https:\/\/hmh.org\/es\/wp-json\/wp\/v2\/media?parent=49564"}],"curies":[{"name":"wp","href":"https:\/\/api.w.org\/{rel}","templated":true}]}}