{"id":49561,"date":"2023-09-12T12:02:44","date_gmt":"2023-09-12T17:02:44","guid":{"rendered":"https:\/\/hmh.org\/?page_id=49561"},"modified":"2023-09-13T01:20:30","modified_gmt":"2023-09-13T06:20:30","slug":"baul-educativo","status":"publish","type":"page","link":"https:\/\/hmh.org\/es\/educacion\/baul-educativo\/","title":{"rendered":"Ba\u00fal Educativo"},"content":{"rendered":"<p>[et_pb_section fb_built=\u00bb1&#8243; admin_label=\u00bbsection\u00bb _builder_version=\u00bb4.18.0&#8243; custom_padding=\u00bb0px||0px||true|false\u00bb locked=\u00bboff\u00bb global_colors_info=\u00bb{}\u00bb][et_pb_row use_custom_gutter=\u00bbon\u00bb custom_padding_last_edited=\u00bbon|phone\u00bb admin_label=\u00bbrow\u00bb _builder_version=\u00bb4.18.0&#8243; background_size=\u00bbinitial\u00bb background_position=\u00bbtop_left\u00bb background_repeat=\u00bbrepeat\u00bb width=\u00bb100%\u00bb width_tablet=\u00bb100%\u00bb width_phone=\u00bb100%\u00bb width_last_edited=\u00bbon|tablet\u00bb max_width=\u00bb100%\u00bb custom_padding=\u00bb||0px||false|false\u00bb custom_padding_tablet=\u00bb||0px||false|false\u00bb custom_padding_phone=\u00bb20px||10px||false|false\u00bb global_colors_info=\u00bb{}\u00bb][et_pb_column type=\u00bb4_4&#8243; _builder_version=\u00bb4.16&#8243; custom_padding=\u00bb|||\u00bb global_colors_info=\u00bb{}\u00bb custom_padding__hover=\u00bb|||\u00bb][et_pb_text _builder_version=\u00bb4.22.1&#8243; _module_preset=\u00bb86455770-bee1-437e-a943-6f643df6ecc0&#8243; custom_padding=\u00bb||10px||false|false\u00bb hover_enabled=\u00bb0&#8243; sticky_enabled=\u00bb0&#8243;]<\/p>\n<p>Los ba\u00fales educativos contiene un conjunto de clases de iPad minis (30 en total por ba\u00fal). Cada dispositivo digital viene precargado DOS iBooks escritos por el personal educativo del Museo, \u201cPoder y posibilidad: Explorando el Holocausto y el genocidio\u201d, una visi\u00f3n general del Holocausto y el genocidio con conexiones con la literatura y el arte; y \u201cLife: Survivor Portraits\u201d, una colecci\u00f3n de fotograf\u00edas e historias de sobrevivientes locales del Holocausto de Houston.<\/p>\n<p>Tambi\u00e9n hay enlaces a sitios web apropiados si su escuela permite que los estudiantes accedan a Internet a trav\u00e9s de dispositivos externos. Adem\u00e1s, cada dispositivo contiene 8 o m\u00e1s libros Kindle, cada uno de los cuales se menciona en el plan de lecciones de iBook. En 2019, lanzamos nuestro Tronco totalmente biling\u00fce que incluye traducci\u00f3n al espa\u00f1ol, museo creado, textos y libros en espa\u00f1ol \/ ingl\u00e9s.<\/p>\n<p>[\/et_pb_text][et_pb_text _builder_version=\u00bb4.22.1&#8243; _module_preset=\u00bb86455770-bee1-437e-a943-6f643df6ecc0&#8243;]<\/p>\n<h2>SELECCI\u00d3N DE LIBROS<\/h2>\n<p><strong>T\u00edtulo:<\/strong> \u201cThe Boy on the Wooden Box: How the Impossible Became Possible . . . on Schindler&#8217;s List\u201d \/ \u201cEl Chico sobre la Caja de Madera: Memorias del sobreviviente m\u00e1s joven de la lista de Schindler\u201d<br \/><strong>Autor:<\/strong> Leon Leyson<br \/><strong>Notas:<\/strong> Para mayores de 9 a\u00f1os, libro de no ficci\u00f3n<\/p>\n<p><strong>T\u00edtulo:<\/strong> \u201cThe Diary of Anne Frank\u201d \/ \u201cEl diario de Ana Frank\u201d<br \/><strong>Autor:<\/strong> Anne Frank<br \/><strong>Notas:<\/strong> Para mayores de 10 a\u00f1os, libro de no ficci\u00f3n<\/p>\n<p><strong>T\u00edtulo: <\/strong>\u201cNumber the Stars\u201d \/ \u201c\u00bfQui\u00e9n cuenta las estrellas?\u201d<br \/><strong>Autor:<\/strong> Lois Lowry<br \/><strong>Notas:<\/strong> Para mayores de 9 a\u00f1os, libro de ficci\u00f3n<\/p>\n<p><strong>T\u00edtulo:<\/strong> \u201cThe Book Thief\u201d \/ \u201cLa ladrona de libros\u201d<br \/><strong>Autor:<\/strong> Markus Zusak<br \/><strong>Notas:<\/strong> Para mayores de 12 a\u00f1os, libro de ficci\u00f3n<\/p>\n<p><strong>T\u00edtulo:<\/strong> \u201cHetty, una historia real (Memorias y biograf\u00edas)\u201d<br \/><strong>Autor:<\/strong> Hetty Verolme<br \/><strong>Notas:<\/strong> Para mayores de 9 a\u00f1os, libro de no ficci\u00f3n<\/p>\n<p><strong>T\u00edtulo:<\/strong> \u201cThe Whispering Town\u201d<br \/><strong>Autor:<\/strong> Jennifer Elvgren<br \/><strong>Notas:<\/strong> Para mayores de 7 a\u00f1os, libro de ficci\u00f3n<\/p>\n<p><strong>T\u00edtulo:<\/strong> \u201cPower and Possibility: Exploring the Holocaust &amp; Genocide\u201d \/ \u201cPoder y posibilidad: Explorando el Holocausto y otros genocidios\u201d\u201d<br \/><strong>Autor:<\/strong> Holocaust Museum Houston<br \/><strong>Notas:<\/strong> Para mayores de 11 a\u00f1os, libro de ficci\u00f3n<\/p>\n<p>\u201cLife: Survivor Portraits\u201d<\/p>\n<p>Se espera que cada maestro que participe en este programa complete el formulario de evaluaci\u00f3n. El ba\u00fal debe recogerse en el Museo del Holocausto de Houston durante el horario comercial normal (de lunes a viernes, de 9 a.m. a 5 p.m., s\u00e1bado de 10 a.m. a 5 p.m., domingo de 12 p.m. a 5 p.m.).<\/p>\n<p>Nuestros ba\u00fales de curr\u00edculo digital est\u00e1n disponibles por primera vez. Para el a\u00f1o escolar 2019-2020, no hay tarifa para pedir prestados los troncos por hasta tres semanas. Las escuelas fuera del \u00e1rea local de Houston son responsables de pagar el env\u00edo.<\/p>\n<p>Para obtener m\u00e1s informaci\u00f3n, llame al 713-527-1611 o env\u00ede un correo electr\u00f3nico a <a href=\"mailto:trunks@hmh.org\" target=\"_blank\" rel=\"noopener\">trunks@hmh.org<\/a><\/p>\n<p>[\/et_pb_text][\/et_pb_column][\/et_pb_row][\/et_pb_section]<\/p>\n","protected":false},"excerpt":{"rendered":"<p>Los ba\u00fales educativos contiene un conjunto de clases de iPad minis (30 en total por ba\u00fal). Cada dispositivo digital viene precargado DOS iBooks escritos por el personal educativo del Museo, [&hellip;]<\/p>\n","protected":false},"author":1,"featured_media":0,"parent":49249,"menu_order":0,"comment_status":"closed","ping_status":"closed","template":"","meta":{"_acf_changed":false,"_et_pb_use_builder":"on","_et_pb_old_content":"","_et_gb_content_width":"","inline_featured_image":false,"footnotes":""},"class_list":["post-49561","page","type-page","status-publish","hentry"],"acf":[],"_links":{"self":[{"href":"https:\/\/hmh.org\/es\/wp-json\/wp\/v2\/pages\/49561","targetHints":{"allow":["GET"]}}],"collection":[{"href":"https:\/\/hmh.org\/es\/wp-json\/wp\/v2\/pages"}],"about":[{"href":"https:\/\/hmh.org\/es\/wp-json\/wp\/v2\/types\/page"}],"author":[{"embeddable":true,"href":"https:\/\/hmh.org\/es\/wp-json\/wp\/v2\/users\/1"}],"replies":[{"embeddable":true,"href":"https:\/\/hmh.org\/es\/wp-json\/wp\/v2\/comments?post=49561"}],"version-history":[{"count":0,"href":"https:\/\/hmh.org\/es\/wp-json\/wp\/v2\/pages\/49561\/revisions"}],"up":[{"embeddable":true,"href":"https:\/\/hmh.org\/es\/wp-json\/wp\/v2\/pages\/49249"}],"wp:attachment":[{"href":"https:\/\/hmh.org\/es\/wp-json\/wp\/v2\/media?parent=49561"}],"curies":[{"name":"wp","href":"https:\/\/api.w.org\/{rel}","templated":true}]}}