{"id":49512,"date":"2023-09-12T11:02:02","date_gmt":"2023-09-12T16:02:02","guid":{"rendered":"https:\/\/hmh.org\/?page_id=49512"},"modified":"2025-12-08T04:27:47","modified_gmt":"2025-12-08T10:27:47","slug":"recursos-educativos-para-jovenes-creadores-de-cambio","status":"publish","type":"page","link":"https:\/\/hmh.org\/es\/educacion\/recursos-educativos-para-jovenes-creadores-de-cambio\/","title":{"rendered":"Recursos educativos para j\u00f3venes creadores de cambio"},"content":{"rendered":"<p>[et_pb_section fb_built=\u00bb1&#8243; admin_label=\u00bbsection\u00bb _builder_version=\u00bb4.18.0&#8243; custom_padding=\u00bb0px||0px||true|false\u00bb locked=\u00bboff\u00bb global_colors_info=\u00bb{}\u00bb][et_pb_row admin_label=\u00bbrow\u00bb _builder_version=\u00bb4.22.1&#8243; background_size=\u00bbinitial\u00bb background_position=\u00bbtop_left\u00bb background_repeat=\u00bbrepeat\u00bb width=\u00bb100%\u00bb width_tablet=\u00bb100%\u00bb width_phone=\u00bb100%\u00bb width_last_edited=\u00bbon|phone\u00bb max_width=\u00bb100%\u00bb custom_padding=\u00bb0px||0px||true|false\u00bb global_colors_info=\u00bb{}\u00bb][et_pb_column type=\u00bb4_4&#8243; _builder_version=\u00bb4.16&#8243; custom_padding=\u00bb|||\u00bb global_colors_info=\u00bb{}\u00bb custom_padding__hover=\u00bb|||\u00bb][et_pb_text _builder_version=\u00bb4.22.1&#8243; _module_preset=\u00bb86455770-bee1-437e-a943-6f643df6ecc0&#8243;]Los recursos educativos para j\u00f3venes creadores de cambio ayudan a los maestros de escuela primaria a ense\u00f1ar las lecciones del Holocausto a sus estudiantes de una manera apropiada para su edad. A trav\u00e9s de estas actividades, los estudiantes descubrir\u00e1n lo que significa ser un creador de cambio, explorar\u00e1n ejemplos de creadores de cambio en la historia y aprender\u00e1n pasos de acci\u00f3n que pueden tomar para convertirse en un creador de cambio en su escuela y comunidad.<\/p>\n<p>Los recursos educativos incluyen:<\/p>\n<ul>\n<li>Seis actividades para estudiantes de kinder-2\u00ba grado<\/li>\n<li>Seis actividades para estudiantes 3\u00ba-5\u00ba grado<\/li>\n<li>Todas las hojas de trabajo necesarias para las actividades<\/li>\n<li>Acceso gratuito a una colecci\u00f3n curada de libros electr\u00f3nicos<\/li>\n<li>P\u00e1ginas para colorear<\/li>\n<\/ul>\n<p>[\/et_pb_text][et_pb_button button_url=\u00bbhttps:\/\/hmh.org\/wp-content\/uploads\/hmh-p-03082_young_upstanders_etoolkit_print_spa-1.pdf\u00bb url_new_window=\u00bbon\u00bb button_text=\u00bbDescargue el PDF \u00bb _builder_version=\u00bb4.22.1&#8243; _module_preset=\u00bb3a53138c-55a3-474c-98b6-90dbf70ef34c\u00bb global_colors_info=\u00bb{}\u00bb][\/et_pb_button][et_pb_text _builder_version=\u00bb4.22.1&#8243; _module_preset=\u00bb86455770-bee1-437e-a943-6f643df6ecc0&#8243;]<\/p>\n<p><strong>El Museo del Holocausto de Houston desea agradecer a la Cyvia and Melvyn Wolff Family Foundation por proporcionar generosamente los fondos que hicieron posible este proyecto.<\/strong><\/p>\n<p>[\/et_pb_text][\/et_pb_column][\/et_pb_row][et_pb_row column_structure=\u00bb1_3,1_3,1_3&#8243; admin_label=\u00bbrow\u00bb _builder_version=\u00bb4.22.1&#8243; background_size=\u00bbinitial\u00bb background_position=\u00bbtop_left\u00bb background_repeat=\u00bbrepeat\u00bb width=\u00bb100%\u00bb width_tablet=\u00bb100%\u00bb width_phone=\u00bb100%\u00bb width_last_edited=\u00bbon|desktop\u00bb max_width=\u00bb100%\u00bb custom_padding=\u00bb0px||0px||true|false\u00bb global_colors_info=\u00bb{}\u00bb][et_pb_column type=\u00bb1_3&#8243; _builder_version=\u00bb4.16&#8243; custom_padding=\u00bb|||\u00bb global_colors_info=\u00bb{}\u00bb custom_padding__hover=\u00bb|||\u00bb][et_pb_image src=\u00bbhttps:\/\/hmh.org\/wp-content\/uploads\/pg-2-wolff-foundation-logo-1.png\u00bb alt=\u00bbpg 2 wolff foundation logo\u00bb title_text=\u00bbpg 2 wolff foundation logo\u00bb _builder_version=\u00bb4.22.1&#8243; _module_preset=\u00bbdefault\u00bb global_colors_info=\u00bb{}\u00bb][\/et_pb_image][\/et_pb_column][et_pb_column type=\u00bb1_3&#8243; _builder_version=\u00bb4.16&#8243; custom_padding=\u00bb|||\u00bb global_colors_info=\u00bb{}\u00bb custom_padding__hover=\u00bb|||\u00bb][\/et_pb_column][et_pb_column type=\u00bb1_3&#8243; _builder_version=\u00bb4.16&#8243; custom_padding=\u00bb|||\u00bb global_colors_info=\u00bb{}\u00bb custom_padding__hover=\u00bb|||\u00bb][\/et_pb_column][\/et_pb_row][\/et_pb_section]<\/p>\n","protected":false},"excerpt":{"rendered":"<p>Los recursos educativos para j\u00f3venes creadores de cambio ayudan a los maestros de escuela primaria a ense\u00f1ar las lecciones del Holocausto a sus estudiantes de una manera apropiada para su [&hellip;]<\/p>\n","protected":false},"author":1,"featured_media":0,"parent":49249,"menu_order":0,"comment_status":"closed","ping_status":"closed","template":"","meta":{"_acf_changed":false,"_et_pb_use_builder":"on","_et_pb_old_content":"","_et_gb_content_width":"","inline_featured_image":false,"footnotes":""},"class_list":["post-49512","page","type-page","status-publish","hentry"],"acf":[],"_links":{"self":[{"href":"https:\/\/hmh.org\/es\/wp-json\/wp\/v2\/pages\/49512","targetHints":{"allow":["GET"]}}],"collection":[{"href":"https:\/\/hmh.org\/es\/wp-json\/wp\/v2\/pages"}],"about":[{"href":"https:\/\/hmh.org\/es\/wp-json\/wp\/v2\/types\/page"}],"author":[{"embeddable":true,"href":"https:\/\/hmh.org\/es\/wp-json\/wp\/v2\/users\/1"}],"replies":[{"embeddable":true,"href":"https:\/\/hmh.org\/es\/wp-json\/wp\/v2\/comments?post=49512"}],"version-history":[{"count":0,"href":"https:\/\/hmh.org\/es\/wp-json\/wp\/v2\/pages\/49512\/revisions"}],"up":[{"embeddable":true,"href":"https:\/\/hmh.org\/es\/wp-json\/wp\/v2\/pages\/49249"}],"wp:attachment":[{"href":"https:\/\/hmh.org\/es\/wp-json\/wp\/v2\/media?parent=49512"}],"curies":[{"name":"wp","href":"https:\/\/api.w.org\/{rel}","templated":true}]}}