{"id":49437,"date":"2023-09-12T07:44:37","date_gmt":"2023-09-12T12:44:37","guid":{"rendered":"https:\/\/hmh.org\/?page_id=49437"},"modified":"2023-09-13T01:19:19","modified_gmt":"2023-09-13T06:19:19","slug":"recursos-sobre-el-racismo","status":"publish","type":"page","link":"https:\/\/hmh.org\/es\/educacion\/recursos-sobre-el-racismo\/","title":{"rendered":"Recursos sobre el racismo"},"content":{"rendered":"<p>[et_pb_section fb_built=\u00bb1&#8243; admin_label=\u00bbsection\u00bb _builder_version=\u00bb4.22.1&#8243; custom_padding=\u00bb0px||0px||true|false\u00bb locked=\u00bboff\u00bb global_colors_info=\u00bb{}\u00bb][et_pb_row admin_label=\u00bbrow\u00bb _builder_version=\u00bb4.18.0&#8243; background_size=\u00bbinitial\u00bb background_position=\u00bbtop_left\u00bb background_repeat=\u00bbrepeat\u00bb width=\u00bb100%\u00bb width_tablet=\u00bb100%\u00bb width_phone=\u00bb100%\u00bb width_last_edited=\u00bbon|phone\u00bb max_width=\u00bb100%\u00bb custom_padding=\u00bb0px||0px||true|false\u00bb global_colors_info=\u00bb{}\u00bb][et_pb_column type=\u00bb4_4&#8243; _builder_version=\u00bb4.16&#8243; custom_padding=\u00bb|||\u00bb global_colors_info=\u00bb{}\u00bb custom_padding__hover=\u00bb|||\u00bb][et_pb_text _builder_version=\u00bb4.22.1&#8243; _module_preset=\u00bb86455770-bee1-437e-a943-6f643df6ecc0&#8243; global_colors_info=\u00bb{}\u00bb]<\/p>\n<p>Esta lista incluye recursos del contexto estadounidense, latinoamericano y espa\u00f1ol ya que el racismo es un tema global y no exclusivo a los Estados Unidos. Estos recursos incluyen temas sobre las comunidades con origenes Africanas y los pueblos originarios.<\/p>\n<p>[\/et_pb_text][\/et_pb_column][\/et_pb_row][et_pb_row admin_label=\u00bbrow\u00bb _builder_version=\u00bb4.22.1&#8243; background_size=\u00bbinitial\u00bb background_position=\u00bbtop_left\u00bb background_repeat=\u00bbrepeat\u00bb width=\u00bb100%\u00bb width_tablet=\u00bb100%\u00bb width_phone=\u00bb100%\u00bb width_last_edited=\u00bbon|phone\u00bb max_width=\u00bb100%\u00bb custom_padding=\u00bb20px||0px||false|false\u00bb global_colors_info=\u00bb{}\u00bb][et_pb_column type=\u00bb4_4&#8243; _builder_version=\u00bb4.16&#8243; custom_padding=\u00bb|||\u00bb global_colors_info=\u00bb{}\u00bb custom_padding__hover=\u00bb|||\u00bb][et_pb_text _builder_version=\u00bb4.22.1&#8243; _module_preset=\u00bb86455770-bee1-437e-a943-6f643df6ecc0&#8243; hover_enabled=\u00bb0&#8243; global_colors_info=\u00bb{}\u00bb sticky_enabled=\u00bb0&#8243;]<\/p>\n<h2>RECURSOS SOBRE EL RACISMO<\/h2>\n<p><strong>VIDEOS<\/strong><\/p>\n<p><a href=\"https:\/\/www.youtube.com\/watch?v=-cWUtzeXsKw\" target=\"_blank\" rel=\"noopener\">El racismo que M\u00e9xico no quiere ver<\/a> (M\u00e9xico &#8211; 11:14 min)<br \/><a href=\"https:\/\/www.youtube.com\/watch?v=5fgOrV2uJUU\" target=\"_blank\" rel=\"noopener\">\u00bfEs M\u00e9xico racista o colorista?<\/a> (M\u00e9xico &#8211; 5:11 min)<br \/><a href=\"https:\/\/www.youtube.com\/watch?v=s2r0lfRGtl0\" target=\"_blank\" rel=\"noopener\">\u00bfExisten las Razas? Luc\u00eda- Asu\u00e9 Mbom\u00edo Rubio<\/a> (Espa\u00f1a &#8211; 15:41 min)<br \/><a href=\"https:\/\/www.youtube.com\/watch?v=25l6CDnLn5c\" target=\"_blank\" rel=\"noopener\">Nosotros. Racistas y clasistas<\/a> (El Salvador &#8211; 19:13 min)<br \/><a href=\"https:\/\/www.youtube.com\/watch?time_continue=1&amp;v=piyNJpgx3Mo&amp;feature=emb_title\" target=\"_blank\" rel=\"noopener\">Mi negritud y yo: Utop\u00eda de una actriz &#8211; Ana\u00ed Padilla<\/a> (Per\u00fa &#8211; 14:47 min)<br \/><a href=\"https:\/\/www.youtube.com\/channel\/UClEeFFcfEga8NzYIdG4XfZw\" target=\"_blank\" rel=\"noopener\">Nadie nos ha dado vela en este entierro<\/a> (Espa\u00f1a &#8211; serie)<br \/><a href=\"https:\/\/www.youtube.com\/watch?v=cKXaFhZr2kQ\" target=\"_blank\" rel=\"noopener\">\u00bfHay racismo en Colombia?<\/a> (Colombia &#8211; 11:02 min)<br \/><a href=\"https:\/\/www.youtube.com\/watch?v=WGINMHe3pbc\" target=\"_blank\" rel=\"noopener\">\u00bfQu\u00e9 preguntas has querido hacer sobre el racismo y no te has atrevido a formular?<\/a> (Mexico\/Brazil 2:01:06)<br \/><a href=\"https:\/\/www.instagram.com\/p\/CBL7Kjwgjw8\/\" target=\"_blank\" rel=\"noopener\">\u00bfQu\u00e9 puedo leer para aprender sobre afroperuan@s?<\/a> &#8211; Ana Luc\u00eda Mosquera (Per\u00fa &#8211; 9:39 min)<\/p>\n<p><strong>ART\u00cdCULOS \/ BLOGS<\/strong><\/p>\n<p><a href=\"https:\/\/medium.com\/@lettersforblacklivescanada\/querida-mam%C3%A1-pap%C3%A1-t%C3%ADo-t%C3%ADa-abuelo-abuela-canadian-version-spanish-general-latinx-focus-d9518662a3e3\" target=\"_blank\" rel=\"noopener\">Querida mam\u00e1, pap\u00e1, t\u00edo, t\u00eda, abuelo, abuela<\/a> (Canadian Version \u2014 Spanish Translation \u2014 General Latinx Focus) Carta abierta en espa\u00f1ol escrita por Black Lives Matter (EU\/Canad\u00e1)<br \/><a href=\"https:\/\/drive.google.com\/file\/d\/1gbgVpksu3X152UPq_rrvIoPzqh9ATCfL\/view\" target=\"_blank\" rel=\"noopener\">Una cronolog\u00eda incompleta del racismo, vigilancia y resistencia en los Estados Unidos<\/a> (EU)<br \/><a href=\"https:\/\/mijente.net\/2020\/05\/hacia-companerismo-y-conciencia-pro-blackness-in-action-es\/?lang=es&amp;fbclid=IwAR0a0CNckTPtY7DXMY3AbJLsFHy5rJZP0QegMXmbsqc-kCxFkXttonWG0-8\" target=\"_blank\" rel=\"noopener\">Hacia Compa\u00f1erismo y Conciencia: Pro-Blackness in Action<\/a> (EU)<br \/><a href=\"https:\/\/gatoencerrado.news\/2020\/05\/30\/george-floyd-el-racismo-y-las-pandemias\/\" target=\"_blank\" rel=\"noopener\">George Floyd, el racismo y las pandemias<\/a> (EU)<br \/><a href=\"https:\/\/www.bbc.com\/mundo\/noticias-internacional-43745735\" target=\"_blank\" rel=\"noopener\">La brutal y casi olvidada \u201cera de los linchamientos\u201d de afroestadounidenses en Estados Unidos<\/a> (EU)<\/p>\n<p>[\/et_pb_text][\/et_pb_column][\/et_pb_row][\/et_pb_section]<\/p>\n","protected":false},"excerpt":{"rendered":"<p>Esta lista incluye recursos del contexto estadounidense, latinoamericano y espa\u00f1ol ya que el racismo es un tema global y no exclusivo a los Estados Unidos. Estos recursos incluyen temas sobre [&hellip;]<\/p>\n","protected":false},"author":1,"featured_media":0,"parent":49249,"menu_order":0,"comment_status":"closed","ping_status":"closed","template":"","meta":{"_acf_changed":false,"_et_pb_use_builder":"on","_et_pb_old_content":"","_et_gb_content_width":"","inline_featured_image":false,"footnotes":""},"class_list":["post-49437","page","type-page","status-publish","hentry"],"acf":[],"_links":{"self":[{"href":"https:\/\/hmh.org\/es\/wp-json\/wp\/v2\/pages\/49437","targetHints":{"allow":["GET"]}}],"collection":[{"href":"https:\/\/hmh.org\/es\/wp-json\/wp\/v2\/pages"}],"about":[{"href":"https:\/\/hmh.org\/es\/wp-json\/wp\/v2\/types\/page"}],"author":[{"embeddable":true,"href":"https:\/\/hmh.org\/es\/wp-json\/wp\/v2\/users\/1"}],"replies":[{"embeddable":true,"href":"https:\/\/hmh.org\/es\/wp-json\/wp\/v2\/comments?post=49437"}],"version-history":[{"count":0,"href":"https:\/\/hmh.org\/es\/wp-json\/wp\/v2\/pages\/49437\/revisions"}],"up":[{"embeddable":true,"href":"https:\/\/hmh.org\/es\/wp-json\/wp\/v2\/pages\/49249"}],"wp:attachment":[{"href":"https:\/\/hmh.org\/es\/wp-json\/wp\/v2\/media?parent=49437"}],"curies":[{"name":"wp","href":"https:\/\/api.w.org\/{rel}","templated":true}]}}