{"id":49372,"date":"2023-09-12T07:06:45","date_gmt":"2023-09-12T12:06:45","guid":{"rendered":"https:\/\/hmh.org\/?page_id=49372"},"modified":"2024-10-30T08:44:22","modified_gmt":"2024-10-30T13:44:22","slug":"visite","status":"publish","type":"page","link":"https:\/\/hmh.org\/es\/visite\/","title":{"rendered":"Visite"},"content":{"rendered":"<p>[et_pb_section fb_built=\u00bb1&#8243; admin_label=\u00bbsection\u00bb _builder_version=\u00bb4.21.0&#8243; custom_padding=\u00bb0px||0px||true|false\u00bb locked=\u00bboff\u00bb global_colors_info=\u00bb{}\u00bb][et_pb_row column_structure=\u00bb1_3,1_3,1_3&#8243; use_custom_gutter=\u00bbon\u00bb make_equal=\u00bbon\u00bb admin_label=\u00bbrow\u00bb _builder_version=\u00bb4.21.0&#8243; background_size=\u00bbinitial\u00bb background_position=\u00bbtop_left\u00bb background_repeat=\u00bbrepeat\u00bb width=\u00bb100%\u00bb custom_padding=\u00bb0px||0px||true|false\u00bb global_colors_info=\u00bb{}\u00bb][et_pb_column type=\u00bb1_3&#8243; _builder_version=\u00bb4.18.0&#8243; custom_padding=\u00bb15px|15px|15px|15px|true|true\u00bb border_width_all=\u00bb1px\u00bb border_color_all=\u00bb#6ba48a\u00bb global_colors_info=\u00bb{}\u00bb custom_padding__hover=\u00bb|||\u00bb][et_pb_text _builder_version=\u00bb4.27.2&#8243; _module_preset=\u00bb86455770-bee1-437e-a943-6f643df6ecc0&#8243; hover_enabled=\u00bb0&#8243; global_colors_info=\u00bb{}\u00bb sticky_enabled=\u00bb0&#8243;]<\/p>\n<h5>HORAS<\/h5>\n<p><strong>Lunes: Cerrado<\/strong><br \/>\n<strong>Martes a S\u00e1bado:<\/strong> 10 am a 5 pm*<br \/>\n<strong>Domingo:<\/strong> Mediod\u00eda a 5 pm*<br \/>\n*\u00daltima entrada 4:30 pm[\/et_pb_text][et_pb_text _builder_version=\u00bb4.22.1&#8243; _module_preset=\u00bb86455770-bee1-437e-a943-6f643df6ecc0&#8243; global_colors_info=\u00bb{}\u00bb]<\/p>\n<h5>ENTRADAS<\/h5>\n<p>La entrada es GRATIS para:<\/p>\n<p>Miembros del museo<br \/>\nNi\u00f1@s\/adolescentes edades 0 \u2013 18 a\u00f1os<br \/>\nEstudiantes universitarias<\/p>\n<p>Adultos: $22<br \/>\nAdultos de edades 65 a\u00f1os o mas: $16<br \/>\nMiembros de AARP: $16<br \/>\nMilitares en servicio activo: $16<\/p>\n<p>El museo es GRATIS para todos cada Jueves de 2 \u2013 5 pm.[\/et_pb_text][et_pb_text _builder_version=\u00bb4.22.1&#8243; _module_preset=\u00bb86455770-bee1-437e-a943-6f643df6ecc0&#8243; global_colors_info=\u00bb{}\u00bb]<\/p>\n<h5>COMPRE SU ENTRADA AQUI<\/h5>\n<p>Si tiene una tarjeta bancaria internacional, compre sus boletos adentro de el Museo.<br \/>Pedimos disculpas por las molestias.<\/p>\n<p><strong>La entrada es gratuita en los siguientes d\u00edas festivos:<\/strong><\/p>\n<ul>\n<li>Yom HaShoah \u2013 18 de abril de 2023<\/li>\n<li>D\u00eda de los Veteranos: 11 de noviembre de 2023 para veteranos y miembros del servicio activo<\/li>\n<li>D\u00eda de los Derechos Humanos \u2013 10 de diciembre de 2023<\/li>\n<li>D\u00eda Internacional de Conmemoraci\u00f3n del Holocausto \u2013 27 de enero de 2024<\/li>\n<\/ul>\n<p><strong>El Museo est\u00e1 cerrado los siguientes d\u00edas festivos:<\/strong><\/p>\n<ul>\n<li>Domingo de Pascua \u2013 9 de abril de 2023<\/li>\n<li>Rosh Hashan\u00e1 \u2013 16 de septiembre de 2023<\/li>\n<li>Yom Kipur \u2013 25 de octubre de 2023<\/li>\n<li>D\u00eda de Acci\u00f3n de Gracias \u2013 23 de noviembre de 2023<\/li>\n<li>Navidad \u2013 25 de diciembre de 2023<\/li>\n<li>D\u00eda de A\u00f1o Nuevo \u2013 1 de enero de 2024<\/li>\n<\/ul>\n<p><strong>El Museo est\u00e1 abierto los siguientes lunes:<\/strong><\/p>\n<ul>\n<li>D\u00eda de Martin Luther King Jr. \u2013 16 de enero de 2023<\/li>\n<li>D\u00eda de los Ca\u00eddos \u2013 29 de mayo de 2023<\/li>\n<li>D\u00eda del Trabajo \u2013 4 de septiembre de 2023<\/li>\n<\/ul>\n<p>[\/et_pb_text][\/et_pb_column][et_pb_column type=\u00bb1_3&#8243; _builder_version=\u00bb4.16&#8243; custom_padding=\u00bb15px|15px|15px|15px|true|true\u00bb border_width_all=\u00bb1px\u00bb border_color_all=\u00bb#6ba48a\u00bb global_colors_info=\u00bb{}\u00bb custom_padding__hover=\u00bb|||\u00bb][et_pb_text _builder_version=\u00bb4.22.1&#8243; _module_preset=\u00bb86455770-bee1-437e-a943-6f643df6ecc0&#8243; global_colors_info=\u00bb{}\u00bb]<\/p>\n<h5>VISITAS PRESENCIALES Y VIRTUALES<\/h5>\n<p>El Museo del Holocausto de Houston tiene cuatro experiencias de recorrido diferentes para escuelas y grupos comunitarios. Pueden explorar nuestras galer\u00edas en diferentes formas: visitas dirigidas por docentes, visitas virtuales, visitas audioguiadas y visitas autoguiadas. Por favor llame al <a href=\"tel:7135271614\">713-527-1614<\/a> para reservar su recorrido o env\u00ede un mensaje a <a href=\"mailto:tours@hmh.org\">tours@hmh.org<\/a><\/p>\n<p>[\/et_pb_text][et_pb_text _builder_version=\u00bb4.22.1&#8243; _module_preset=\u00bb86455770-bee1-437e-a943-6f643df6ecc0&#8243; global_colors_info=\u00bb{}\u00bb]<\/p>\n<h5>SEGURIDAD PARA LOS VISITANTES<\/h5>\n<ul>\n<li>Las siguientes medidas est\u00e1n en su lugar para garantizar la seguridad de nuestro personal, voluntarios y visitantes. Por favor, familiar\u00edcese con estos protocolos antes de visitar el Museo.<\/li>\n<li>Se requieren m\u00e1scaras faciales para todos los hu\u00e9spedes de 2 a\u00f1os en adelante. Hay m\u00e1scaras gratuitas disponibles en el mostrador de seguridad.<\/li>\n<li>Los visitantes deben seguir los protocolos de distanciamiento social y mantener una distancia segura de 6 pies de distancia en todo momento. Por favor, siga las se\u00f1ales de distanciamiento social en la admisi\u00f3n, en las galer\u00edas y otras \u00e1reas del Museo.<\/li>\n<li>Las estaciones de desinfectante de manos est\u00e1n disponibles en la entrada del Museo, entradas al ba\u00f1o, mostrador de admisiones, tienda del Museo y cafeter\u00eda.<\/li>\n<li>El Legacy Caf\u00e9 servir\u00e1 art\u00edculos preenvasados. Se han instalado pantallas de vidrio plexi y las mesas est\u00e1n separadas 6 pies.<\/li>\n<\/ul>\n<p><strong>Las armas de fuego, incluidas, entre otras, las pistolas, escopetas y rifles<\/strong> (ya sean ocultos o llevados abiertamente) est\u00e1n prohibidas en las instalaciones del Museo y en las \u00e1reas de estacionamiento de conformidad con las Secciones 30.06 y 30.07 del C\u00f3digo Penal de Texas. Los cuchillos, el gas pimienta y las pistolas Taser tambi\u00e9n est\u00e1n prohibidos en el Museo.<\/p>\n<p><strong>Todas las bolsas, mochilas, maletines y paquetes<\/strong> ser\u00e1n inspeccionados por la seguridad y los clientes deber\u00e1n ingresar a trav\u00e9s de un dispositivo de esc\u00e1ner de seguridad.<\/p>\n<p>El departamento de Servicios para Visitantes y Voluntarios est\u00e1 aqu\u00ed para servirle<\/p>\n<p>Llame: <a href=\"tel:7135271614\">713-527-1614<\/a><br \/>Correo electr\u00f3nico: <a href=\"mailto:tours@hmh.org\">tours@hmh.org<\/a><\/p>\n<p>[\/et_pb_text][\/et_pb_column][et_pb_column type=\u00bb1_3&#8243; _builder_version=\u00bb4.16&#8243; custom_padding=\u00bb15px|15px|15px|15px|true|true\u00bb border_width_all=\u00bb1px\u00bb border_color_all=\u00bb#6ba48a\u00bb global_colors_info=\u00bb{}\u00bb custom_padding__hover=\u00bb|||\u00bb][et_pb_text _builder_version=\u00bb4.22.1&#8243; _module_preset=\u00bb86455770-bee1-437e-a943-6f643df6ecc0&#8243; global_colors_info=\u00bb{}\u00bb]<\/p>\n<h5>H\u00c1GASE MIEMBRO<\/h5>\n<p>Los miembros del museo reciben entrada gratuita, invitaciones a eventos especiales y beneficios adicionales solo para miembros durante un a\u00f1o. Su membres\u00eda anual hace una diferencia al ayudar al Museo a ense\u00f1ar el peligro del odio, el prejuicio y la apat\u00eda. \u00a1Convi\u00e9rtase en miembro de HMH hoy![\/et_pb_text][et_pb_text _builder_version=\u00bb4.22.1&#8243; _module_preset=\u00bb86455770-bee1-437e-a943-6f643df6ecc0&#8243; global_colors_info=\u00bb{}\u00bb]<\/p>\n<h5>C\u00d3MO LLEGAR<\/h5>\n<p>Holocaust Museum Houston<br \/>\nLester and Sue Smith Campus<br \/>\n5401 Caroline St.<br \/>\nHouston, TX 77004[\/et_pb_text][et_pb_text _builder_version=\u00bb4.22.1&#8243; _module_preset=\u00bb86455770-bee1-437e-a943-6f643df6ecc0&#8243; custom_margin=\u00bb||5px||false|false\u00bb custom_margin_tablet=\u00bb||5px||false|false\u00bb custom_margin_phone=\u00bb||5px||false|false\u00bb custom_margin_last_edited=\u00bbon|desktop\u00bb global_colors_info=\u00bb{}\u00bb]<\/p>\n<h5>ESTACIONAMIENTO:<\/h5>\n<ul>\n<li>0 &#8211; 30 minutos:<\/li>\n<ul>\n<li>Miembros &#8211; GRATIS<\/li>\n<li>Visitantes &#8211; GRATIS<\/li>\n<\/ul>\n<li>31 minutos &#8211; 4 horas:<\/li>\n<ul>\n<li>Miembros &#8211; $5<\/li>\n<li>Visitantes &#8211; $8<\/li>\n<\/ul>\n<li>4 \u2013 12 hours:<\/li>\n<ul>\n<li>Miembros &#8211; $7<\/li>\n<li>Visitantes &#8211; $12<\/li>\n<\/ul>\n<li>12 \u2013 24 hours:<\/li>\n<ul>\n<li>Miembros &#8211; $20<\/li>\n<li>Visitantes &#8211; $20<\/li>\n<\/ul>\n<\/ul>\n<p>[\/et_pb_text][et_pb_text _builder_version=\u00bb4.22.1&#8243; _module_preset=\u00bb86455770-bee1-437e-a943-6f643df6ecc0&#8243; global_colors_info=\u00bb{}\u00bb]<\/p>\n<h5>ACCESIBILIDAD:<\/h5>\n<p>El Museo del Holocausto de Houston cumple con la Ley de Estadounidenses con Discapacidades (ADA), y permite que los animales de servicio, es decir, los animales entrenados para realizar tareas espec\u00edficas para una persona con una discapacidad, ingresen a todas las \u00e1reas p\u00fablicas del Museo. Con el fin de ser totalmente accesible para todos nuestros visitantes, el Museo del Holocausto de Houston alienta a alertar a nuestro personal de admisiones en caso de que tenga una discapacidad.[\/et_pb_text][\/et_pb_column][\/et_pb_row][\/et_pb_section]<\/p>\n","protected":false},"excerpt":{"rendered":"<p>HORAS Lunes: Cerrado Martes a S\u00e1bado: 10 am a 5 pm* Domingo: Mediod\u00eda a 5 pm* *\u00daltima entrada 4:30 pmENTRADAS La entrada es GRATIS para: Miembros del museo Ni\u00f1@s\/adolescentes edades [&hellip;]<\/p>\n","protected":false},"author":1,"featured_media":0,"parent":0,"menu_order":0,"comment_status":"closed","ping_status":"closed","template":"","meta":{"_acf_changed":false,"_et_pb_use_builder":"on","_et_pb_old_content":"","_et_gb_content_width":"","inline_featured_image":false,"footnotes":""},"class_list":["post-49372","page","type-page","status-publish","hentry"],"acf":[],"_links":{"self":[{"href":"https:\/\/hmh.org\/es\/wp-json\/wp\/v2\/pages\/49372","targetHints":{"allow":["GET"]}}],"collection":[{"href":"https:\/\/hmh.org\/es\/wp-json\/wp\/v2\/pages"}],"about":[{"href":"https:\/\/hmh.org\/es\/wp-json\/wp\/v2\/types\/page"}],"author":[{"embeddable":true,"href":"https:\/\/hmh.org\/es\/wp-json\/wp\/v2\/users\/1"}],"replies":[{"embeddable":true,"href":"https:\/\/hmh.org\/es\/wp-json\/wp\/v2\/comments?post=49372"}],"version-history":[{"count":0,"href":"https:\/\/hmh.org\/es\/wp-json\/wp\/v2\/pages\/49372\/revisions"}],"wp:attachment":[{"href":"https:\/\/hmh.org\/es\/wp-json\/wp\/v2\/media?parent=49372"}],"curies":[{"name":"wp","href":"https:\/\/api.w.org\/{rel}","templated":true}]}}