{"id":49206,"date":"2023-09-12T04:56:00","date_gmt":"2023-09-12T09:56:00","guid":{"rendered":"https:\/\/hmh.org\/?page_id=49206"},"modified":"2023-09-13T01:15:59","modified_gmt":"2023-09-13T06:15:59","slug":"biblioteca-boniuk","status":"publish","type":"page","link":"https:\/\/hmh.org\/es\/biblioteca-boniuk\/","title":{"rendered":"Biblioteca Boniuk"},"content":{"rendered":"<p>[et_pb_section fb_built=\u00bb1&#8243; custom_padding_last_edited=\u00bbon|phone\u00bb _builder_version=\u00bb4.22.1&#8243; _module_preset=\u00bbdefault\u00bb custom_padding=\u00bb0px||30px||false|false\u00bb custom_padding_tablet=\u00bb0px||0px||true|false\u00bb custom_padding_phone=\u00bb0px||0px||true|false\u00bb hover_enabled=\u00bb0&#8243; locked=\u00bboff\u00bb collapsed=\u00bboff\u00bb global_colors_info=\u00bb{}\u00bb sticky_enabled=\u00bb0&#8243;][et_pb_row custom_padding_last_edited=\u00bbon|phone\u00bb disabled_on=\u00bboff|off|off\u00bb _builder_version=\u00bb4.22.1&#8243; _module_preset=\u00bbdefault\u00bb width=\u00bb100%\u00bb width_tablet=\u00bb100%\u00bb width_phone=\u00bb100%\u00bb width_last_edited=\u00bbon|phone\u00bb custom_padding=\u00bb||||false|false\u00bb custom_padding_tablet=\u00bb||||false|false\u00bb custom_padding_phone=\u00bb||||false|false\u00bb global_colors_info=\u00bb{}\u00bb][et_pb_column type=\u00bb4_4&#8243; _builder_version=\u00bb4.18.0&#8243; _module_preset=\u00bbdefault\u00bb global_colors_info=\u00bb{}\u00bb][et_pb_text _builder_version=\u00bb4.22.1&#8243; _module_preset=\u00bb86455770-bee1-437e-a943-6f643df6ecc0&#8243; header_6_font=\u00bb||||||||\u00bb custom_margin_tablet=\u00bb||||false|false\u00bb custom_margin_phone=\u00bb||||false|false\u00bb custom_margin_last_edited=\u00bbon|phone\u00bb custom_padding_tablet=\u00bb||||false|false\u00bb custom_padding_phone=\u00bb||||false|false\u00bb custom_padding_last_edited=\u00bbon|desktop\u00bb]La Biblioteca Boniuk atiende las necesidades de estudiantes, educadores y acad\u00e9micos de todas las edades. La colecci\u00f3n alberga m\u00e1s de 10,000 art\u00edculos que incluyen libros, DVD, grabaciones, bases de datos y publicaciones peri\u00f3dicas centradas en los estudios del Holocausto, los derechos humanos y el genocidio. Los materiales est\u00e1n en ingl\u00e9s, franc\u00e9s, alem\u00e1n, hebreo, espa\u00f1ol e yiddish. La Biblioteca Boniuk alberga varias colecciones \u00fanicas. Adem\u00e1s de los materiales generales y de referencia, los investigadores pueden aprovechar los elementos raros y dif\u00edciles de encontrar.[\/et_pb_text][et_pb_text _builder_version=\u00bb4.22.1&#8243; _module_preset=\u00bb86455770-bee1-437e-a943-6f643df6ecc0&#8243; header_6_font=\u00bb||||||||\u00bb custom_margin_tablet=\u00bb||||false|false\u00bb custom_margin_phone=\u00bb||||false|false\u00bb custom_margin_last_edited=\u00bbon|phone\u00bb custom_padding_tablet=\u00bb||||false|false\u00bb custom_padding_phone=\u00bb||||false|false\u00bb custom_padding_last_edited=\u00bbon|desktop\u00bb]<\/p>\n<h2>COLECCIONES<\/h2>\n<p>Adem\u00e1s de los materiales generales y de referencia, los investigadores pueden aprender de los art\u00edculos raros y dif\u00edciles de encontrar. Nuestra colecci\u00f3n contiene materiales para los investigadores, los maestros y los estudiantes.[\/et_pb_text][et_pb_button button_url=\u00bbhttps:\/\/hmh.ent.sirsi.net\/client\/en_US\/default\/search\/results?qu=&#038;qf=LANGUAGE%09Language%09SPA%09Spanish\u00bb url_new_window=\u00bbon\u00bb button_text=\u00bbBusca libros y materiales en espa\u00f1ol\u00bb _builder_version=\u00bb4.22.1&#8243; _module_preset=\u00bb3a53138c-55a3-474c-98b6-90dbf70ef34c\u00bb global_colors_info=\u00bb{}\u00bb][\/et_pb_button][et_pb_text admin_label=\u00bbLITERATURA Y LECTURAS<br \/>\nTexto\u00bb _builder_version=\u00bb4.22.1&#8243; _module_preset=\u00bb86455770-bee1-437e-a943-6f643df6ecc0&#8243; header_6_font=\u00bb||||||||\u00bb custom_margin_tablet=\u00bb||||false|false\u00bb custom_margin_phone=\u00bb||||false|false\u00bb custom_margin_last_edited=\u00bbon|phone\u00bb custom_padding_tablet=\u00bb||||false|false\u00bb custom_padding_phone=\u00bb||||false|false\u00bb custom_padding_last_edited=\u00bbon|desktop\u00bb]<\/p>\n<h2>LITERATURA Y LECTURAS<\/h2>\n<p>Usted puede encontrar los materiales en espa\u00f1ol a trav\u00e9s de una b\u00fasqueda en nuestro sistema. Simplemente agregue su idioma preferido.<\/p>\n<p>Al tender acceso, usted tiene disponible :<\/p>\n<ul>\n<li>La colecci\u00f3n documentar\u00eda y de referencia \u2013 Va a tener acceso a enciclopedias, diccionarios, mapas, y recursos de estudios<\/li>\n<\/ul>\n<p>[\/et_pb_text][et_pb_text admin_label=\u00bbLAS MEMORIAS Y LOS MEMORIALES<br \/>\nTexto\u00bb _builder_version=\u00bb4.22.1&#8243; _module_preset=\u00bb86455770-bee1-437e-a943-6f643df6ecc0&#8243; header_6_font=\u00bb||||||||\u00bb custom_margin_tablet=\u00bb||||false|false\u00bb custom_margin_phone=\u00bb||||false|false\u00bb custom_margin_last_edited=\u00bbon|phone\u00bb custom_padding=\u00bb||20px||false|false\u00bb custom_padding_tablet=\u00bb||20px||false|false\u00bb custom_padding_phone=\u00bb||||false|false\u00bb custom_padding_last_edited=\u00bbon|tablet\u00bb]<\/p>\n<h2>LAS MEMORIAS Y LOS MEMORIALES<\/h2>\n<p>La colecci\u00f3n memorial de libros yizkor son escritos por los sobrevivientes del Holocausto en memoria a las comunidades destruidas durante la segunda guerra mundial. La mayor\u00eda de los materiales son escritos en hebreo e yiddish, y hay unos en ingl\u00e9s. No se presta la colecci\u00f3n.  <\/p>\n<p>La colecci\u00f3n de memorias autopublicados contiene los documentos, diarios, y papeles personales de los sobrevivientes, liberadores, o testigos. No se prestan los materiales en esa colecci\u00f3n.  <\/p>\n<p>La colecci\u00f3n de historias orales \u2013 Las transcripciones de las grabaciones video o audio de los sobrevivientes contando sus historias. El museo es due\u00f1o de m\u00e1s que 300 grabaciones. Las entrevistas son recursos primarios y eran integradas en el Archivo visual de la Shoah.  [\/et_pb_text][et_pb_text admin_label=\u00bbLOS DOCUMENTOS DIGITALES Y LOS BASES DE DATOS<br \/>\nTexto\u00bb _builder_version=\u00bb4.22.1&#8243; _module_preset=\u00bb86455770-bee1-437e-a943-6f643df6ecc0&#8243; header_6_font=\u00bb||||||||\u00bb custom_margin_tablet=\u00bb||||false|false\u00bb custom_margin_phone=\u00bb||||false|false\u00bb custom_margin_last_edited=\u00bbon|phone\u00bb custom_padding_tablet=\u00bb||||false|false\u00bb custom_padding_phone=\u00bb||||false|false\u00bb custom_padding_last_edited=\u00bbon|desktop\u00bb]<\/p>\n<h2>LOS DOCUMENTOS DIGITALES Y LOS BASES DE DATOS<\/h2>\n<p>La colecci\u00f3n digital en Overdrive y Libby \u2013 Usa la aplicaci\u00f3n para leer o escuchar a los libros electr\u00f3nicos y los libros audios y descargables. <\/p>\n<p>La colecci\u00f3n DVD y Blu-ray \u2013 Mirar a los documentarios, drama, u otros recursos audiovisuales.  <\/p>\n<p>Archives Unbound \u2013 Acceso digital a los documentos raros y primarios. Solo en el campus del Museo.  <\/p>\n<p>Archivo visual de la fundaci\u00f3n de USC Shoah \u2013 iniciado por Stephen Spielberg, el Archivo Visual del USC Shoah incluye los videos y las transcripciones de los sobrevivientes del Museo Holocausto de Houston. Contiene 54,000 testimonios de los sobrevivientes y los testigos. <\/p>\n<p>Archivo video de Fortunoff para los testimonios del Holocausto \u2013 El archivo provee acceso al mas que 4,400 testimonios. Solo en el campus del Museo.  <\/p>\n<p>Centro de aprender interactivo de las comunidades destruidas \u2013 Un centro design\u00f3 especialmente basado en las comunidades que se encuentran en el pendiente del Museo. Tiene descripciones breves de la comunidad y la historia de los sobrevivientes que viven en Houston. [\/et_pb_text][\/et_pb_column][\/et_pb_row][\/et_pb_section]<\/p>\n","protected":false},"excerpt":{"rendered":"<p>La Biblioteca Boniuk atiende las necesidades de estudiantes, educadores y acad\u00e9micos de todas las edades. La colecci\u00f3n alberga m\u00e1s de 10,000 art\u00edculos que incluyen libros, DVD, grabaciones, bases de datos [&hellip;]<\/p>\n","protected":false},"author":1,"featured_media":49207,"parent":0,"menu_order":0,"comment_status":"closed","ping_status":"closed","template":"","meta":{"_acf_changed":false,"_et_pb_use_builder":"on","_et_pb_old_content":"","_et_gb_content_width":"","inline_featured_image":false,"footnotes":""},"class_list":["post-49206","page","type-page","status-publish","has-post-thumbnail","hentry"],"acf":[],"_links":{"self":[{"href":"https:\/\/hmh.org\/es\/wp-json\/wp\/v2\/pages\/49206","targetHints":{"allow":["GET"]}}],"collection":[{"href":"https:\/\/hmh.org\/es\/wp-json\/wp\/v2\/pages"}],"about":[{"href":"https:\/\/hmh.org\/es\/wp-json\/wp\/v2\/types\/page"}],"author":[{"embeddable":true,"href":"https:\/\/hmh.org\/es\/wp-json\/wp\/v2\/users\/1"}],"replies":[{"embeddable":true,"href":"https:\/\/hmh.org\/es\/wp-json\/wp\/v2\/comments?post=49206"}],"version-history":[{"count":0,"href":"https:\/\/hmh.org\/es\/wp-json\/wp\/v2\/pages\/49206\/revisions"}],"wp:featuredmedia":[{"embeddable":true,"href":"https:\/\/hmh.org\/es\/wp-json\/wp\/v2\/media\/49207"}],"wp:attachment":[{"href":"https:\/\/hmh.org\/es\/wp-json\/wp\/v2\/media?parent=49206"}],"curies":[{"name":"wp","href":"https:\/\/api.w.org\/{rel}","templated":true}]}}