{"id":49162,"date":"2023-09-12T05:15:00","date_gmt":"2023-09-12T10:15:00","guid":{"rendered":"https:\/\/hmh.org\/?page_id=49162"},"modified":"2023-09-20T23:35:38","modified_gmt":"2023-09-21T04:35:38","slug":"donar","status":"publish","type":"page","link":"https:\/\/hmh.org\/es\/donar\/","title":{"rendered":"Donar"},"content":{"rendered":"<p>[et_pb_section fb_built=\u00bb1&#8243; custom_padding_last_edited=\u00bbon|desktop\u00bb admin_label=\u00bbsection\u00bb _builder_version=\u00bb4.22.1&#8243; custom_padding=\u00bb70px||||false|false\u00bb custom_padding_tablet=\u00bb30px||||false|false\u00bb custom_padding_phone=\u00bb0px||||false|false\u00bb locked=\u00bboff\u00bb global_colors_info=\u00bb{}\u00bb][et_pb_row admin_label=\u00bbrow\u00bb _builder_version=\u00bb4.22.1&#8243; background_size=\u00bbinitial\u00bb background_position=\u00bbtop_left\u00bb background_repeat=\u00bbrepeat\u00bb width=\u00bb100%\u00bb width_tablet=\u00bb100%\u00bb width_phone=\u00bb100%\u00bb width_last_edited=\u00bbon|phone\u00bb max_width=\u00bb100%\u00bb custom_padding=\u00bb0px||0px||true|false\u00bb global_colors_info=\u00bb{}\u00bb][et_pb_column type=\u00bb4_4&#8243; _builder_version=\u00bb4.16&#8243; custom_padding=\u00bb|||\u00bb global_colors_info=\u00bb{}\u00bb custom_padding__hover=\u00bb|||\u00bb][et_pb_slider show_pagination=\u00bboff\u00bb module_class=\u00bbslider_with_text\u00bb _builder_version=\u00bb4.22.1&#8243; _module_preset=\u00bbdefault\u00bb body_font=\u00bbNeue Haas Display Regular||||||||\u00bb body_text_color=\u00bb#FFFFFF\u00bb body_font_size=\u00bb16px\u00bb body_line_height=\u00bb22px\u00bb min_height=\u00bb500px\u00bb min_height_tablet=\u00bb500px\u00bb min_height_phone=\u00bb500px\u00bb custom_margin=\u00bb||||false|false\u00bb custom_margin_tablet=\u00bb||20px||false|false\u00bb custom_margin_phone=\u00bb||20px||false|false\u00bb custom_margin_last_edited=\u00bbon|tablet\u00bb custom_padding=\u00bb50%|1%|2%|1%|false|true\u00bb custom_padding_tablet=\u00bb50%|1%|2%|1%|false|true\u00bb custom_padding_phone=\u00bb60%|1%|2%|1%|false|true\u00bb custom_padding_last_edited=\u00bbon|phone\u00bb hover_enabled=\u00bb0&#8243; db_height=\u00bbmigrated\u00bb global_colors_info=\u00bb{}\u00bb sticky_enabled=\u00bb0&#8243;][et_pb_slide admin_title=\u00bbSlider &#8211; 1&#8243; _builder_version=\u00bb4.22.1&#8243; _module_preset=\u00bbdefault\u00bb background_enable_color=\u00bboff\u00bb use_background_color_gradient=\u00bbon\u00bb background_color_gradient_stops=\u00bbrgba(0,0,0,0.3) 0%|rgba(0,0,0,0.3) 100%\u00bb background_color_gradient_overlays_image=\u00bbon\u00bb background_image=\u00bbhttps:\/\/hmh.org\/wp-content\/uploads\/mantenimiento-de-artefactos.jpg-1440&#215;880-q85-crop-subsampling-2-upscale.jpg\u00bb background_enable_image=\u00bbon\u00bb custom_padding=\u00bb||||false|false\u00bb custom_padding_tablet=\u00bb||||false|false\u00bb custom_padding_phone=\u00bb||||false|false\u00bb custom_padding_last_edited=\u00bbon|desktop\u00bb hover_enabled=\u00bb0&#8243; global_colors_info=\u00bb{}\u00bb sticky_transition=\u00bbon\u00bb sticky_enabled=\u00bb0&#8243;][\/et_pb_slide][et_pb_slide admin_title=\u00bbSlider &#8211; 2&#8243; _builder_version=\u00bb4.22.1&#8243; _module_preset=\u00bbdefault\u00bb background_enable_color=\u00bboff\u00bb use_background_color_gradient=\u00bbon\u00bb background_color_gradient_stops=\u00bbrgba(0,0,0,0.3) 0%|rgba(0,0,0,0.3) 100%\u00bb background_color_gradient_overlays_image=\u00bbon\u00bb background_image=\u00bbhttps:\/\/hmh.org\/wp-content\/uploads\/programacion.jpg-1440&#215;880-q85-crop-subsampling-2-upscale.jpg\u00bb background_enable_image=\u00bbon\u00bb custom_padding=\u00bb||||false|false\u00bb custom_padding_tablet=\u00bb||||false|false\u00bb custom_padding_phone=\u00bb||||false|false\u00bb custom_padding_last_edited=\u00bbon|desktop\u00bb hover_enabled=\u00bb0&#8243; global_colors_info=\u00bb{}\u00bb sticky_transition=\u00bbon\u00bb sticky_enabled=\u00bb0&#8243;][\/et_pb_slide][et_pb_slide admin_title=\u00bbSlider &#8211; 3&#8243; _builder_version=\u00bb4.22.1&#8243; _module_preset=\u00bbdefault\u00bb background_enable_color=\u00bboff\u00bb use_background_color_gradient=\u00bbon\u00bb background_color_gradient_stops=\u00bbrgba(0,0,0,0.3) 0%|rgba(0,0,0,0.3) 100%\u00bb background_color_gradient_overlays_image=\u00bbon\u00bb background_image=\u00bbhttps:\/\/hmh.org\/wp-content\/uploads\/sus-donaciones.jpg-1440&#215;880-q85-crop-subsampling-2-upscale.jpg\u00bb background_enable_image=\u00bbon\u00bb custom_padding=\u00bb||||false|false\u00bb custom_padding_tablet=\u00bb||||false|false\u00bb custom_padding_phone=\u00bb||||false|false\u00bb custom_padding_last_edited=\u00bbon|desktop\u00bb hover_enabled=\u00bb0&#8243; global_colors_info=\u00bb{}\u00bb sticky_transition=\u00bbon\u00bb sticky_enabled=\u00bb0&#8243;][\/et_pb_slide][et_pb_slide admin_title=\u00bbSlider &#8211; 4&#8243; _builder_version=\u00bb4.22.1&#8243; _module_preset=\u00bbdefault\u00bb background_enable_color=\u00bboff\u00bb use_background_color_gradient=\u00bbon\u00bb background_color_gradient_stops=\u00bbrgba(0,0,0,0.3) 0%|rgba(0,0,0,0.3) 100%\u00bb background_color_gradient_overlays_image=\u00bbon\u00bb background_image=\u00bbhttps:\/\/hmh.org\/wp-content\/uploads\/programas-educativos.jpg-1440&#215;880-q85-crop-subsampling-2-upscale.jpg\u00bb background_enable_image=\u00bbon\u00bb custom_padding=\u00bb||||false|false\u00bb custom_padding_tablet=\u00bb||||false|false\u00bb custom_padding_phone=\u00bb||||false|false\u00bb custom_padding_last_edited=\u00bbon|desktop\u00bb hover_enabled=\u00bb0&#8243; global_colors_info=\u00bb{}\u00bb sticky_transition=\u00bbon\u00bb sticky_enabled=\u00bb0&#8243;][\/et_pb_slide][\/et_pb_slider][\/et_pb_column][\/et_pb_row][\/et_pb_section][et_pb_section fb_built=\u00bb1&#8243; custom_padding_last_edited=\u00bbon|phone\u00bb admin_label=\u00bbsection\u00bb _builder_version=\u00bb4.22.1&#8243; custom_padding=\u00bb0px||50px||false|false\u00bb custom_padding_tablet=\u00bb0px||50px||false|false\u00bb custom_padding_phone=\u00bb0px||50px||false|false\u00bb locked=\u00bboff\u00bb global_colors_info=\u00bb{}\u00bb][et_pb_row admin_label=\u00bbrow\u00bb _builder_version=\u00bb4.22.1&#8243; background_size=\u00bbinitial\u00bb background_position=\u00bbtop_left\u00bb background_repeat=\u00bbrepeat\u00bb width=\u00bb100%\u00bb width_tablet=\u00bb100%\u00bb width_phone=\u00bb100%\u00bb width_last_edited=\u00bbon|desktop\u00bb max_width=\u00bb100%\u00bb custom_padding=\u00bb0px||0px||true|false\u00bb global_colors_info=\u00bb{}\u00bb][et_pb_column type=\u00bb4_4&#8243; _builder_version=\u00bb4.16&#8243; custom_padding=\u00bb|||\u00bb global_colors_info=\u00bb{}\u00bb custom_padding__hover=\u00bb|||\u00bb][et_pb_image src=\u00bbhttps:\/\/hmh.org\/wp-content\/uploads\/maneras-de-apoyar-al-museo.jpg\u00bb alt=\u00bbmaneras de apoyar al museo\u00bb title_text=\u00bbmaneras de apoyar al museo\u00bb _builder_version=\u00bb4.22.1&#8243; _module_preset=\u00bbdefault\u00bb global_colors_info=\u00bb{}\u00bb][\/et_pb_image][et_pb_text _builder_version=\u00bb4.22.1&#8243; _module_preset=\u00bb86455770-bee1-437e-a943-6f643df6ecc0&#8243; global_colors_info=\u00bb{}\u00bb]<\/p>\n<p>Hay muchas maneras de apoyar el Museo del Holocausto de Houston (HMH); Estamos agradecidos por cada contribuci\u00f3n realizada, ya sea tiempo dedicado al voluntariado, una donaci\u00f3n para apoyar nuestros programas y exhibiciones, un obsequio planificado, una membres\u00eda en uno de nuestros C\u00edrculos o un obsequio en especie.<\/p>\n<p>HMH es una organizaci\u00f3n sin fines de lucro 501 (c) (3), por lo que su generosidad mantiene nuestras puertas abiertas al p\u00fablico y nos permite compartir nuestra importante misi\u00f3n con todos en nuestra comunidad y m\u00e1s all\u00e1 a trav\u00e9s de exhibiciones curadas profesionalmente, educaci\u00f3n gratuita y otros programas.<\/p>\n<p><strong>Hacer una donaci\u00f3n por tel\u00e9fono<\/strong><\/p>\n<p>Ll\u00e1menos al 713-527-1638 para hacer un regalo por tel\u00e9fono con su tarjeta de cr\u00e9dito. Aceptamos American Express, Discover, MasterCard y Visa.<\/p>\n<p><strong>Hacer un donaci\u00f3n por correo<\/strong><\/p>\n<p>Para hacer una donaci\u00f3n por correo, env\u00ede su cheque, junto con cualquier detalle o solicitud sobre su donaci\u00f3n, a:<\/p>\n<p>Development Department<br \/>Holocaust Museum Houston<br \/>Lester and Sue Smith Campus<br \/>5401 Caroline St.<br \/>Houston, TX 77004<br \/>USA<\/p>\n<p>Aseg\u00farese de incluir su direcci\u00f3n e informaci\u00f3n telef\u00f3nica para que su donaci\u00f3n sea debidamente reconocida. Los cheques deben hacerse a nombre de Holocaust Museum Houston<\/p>\n<p><strong>Hacer una donaci\u00f3n de fondos mutuos o valores<\/strong><\/p>\n<p>El Museo del Holocausto de Houston acepta donaciones de acciones o valores y puede ayudarlo con transferencias bancarias y otros detalles. Llame a nuestro Departamento de Desarrollo al 7713-527-1638 para asistencia.<\/p>\n<p><strong>Haga que su empresa haga una donaci\u00f3n equivalente<\/strong><\/p>\n<p>Muchas corporaciones igualar\u00e1n su contribuci\u00f3n al Museo. Para ver si su empleador ofrece donaciones equivalentes, comun\u00edquese con el Departamento de Recursos Humanos de su empresa. Los ingresos del regalo correspondiente se utilizan tal como se estipula su regalo original.<\/p>\n<p><strong>Fondo Anual<\/strong><\/p>\n<p>Las donaciones al Fondo Anual se suman a las cuotas de membres\u00eda y, debido a que no tienen restricciones, brindan apoyo inmediato para ayudar al Museo del Holocausto de Houston a lograr sus objetivos significativos. Su donaci\u00f3n deducible de impuestos proporciona un apoyo crucial para la gama completa del trabajo del Museo, desde exhibiciones especiales y programaci\u00f3n perspicaces hasta esfuerzos educativos y de divulgaci\u00f3n inclusivos.<\/p>\n<p>Cada donaci\u00f3n, grande o peque\u00f1a, tiene un impacto. Su apoyo har\u00e1 una gran diferencia en educar e inspirar a una nueva generaci\u00f3n para que se enfrente al odio, los prejuicios y la apat\u00eda del pasado, que a\u00fan impregnan nuestro presente.<\/p>\n<p><strong>Donaciones en formas de bienes<\/strong><\/p>\n<p>Estas donaciones crecen en valor sobre la base del rendimiento total, proporcionan ingresos anuales gastables al mismo tiempo que el principio contin\u00faa aumentando.<\/p>\n<p>[\/et_pb_text][\/et_pb_column][\/et_pb_row][\/et_pb_section]<\/p>\n","protected":false},"excerpt":{"rendered":"<p>Hay muchas maneras de apoyar el Museo del Holocausto de Houston (HMH); Estamos agradecidos por cada contribuci\u00f3n realizada, ya sea tiempo dedicado al voluntariado, una donaci\u00f3n para apoyar nuestros programas [&hellip;]<\/p>\n","protected":false},"author":1,"featured_media":49217,"parent":0,"menu_order":0,"comment_status":"closed","ping_status":"closed","template":"","meta":{"_acf_changed":false,"_et_pb_use_builder":"on","_et_pb_old_content":"","_et_gb_content_width":"","inline_featured_image":false,"footnotes":""},"class_list":["post-49162","page","type-page","status-publish","has-post-thumbnail","hentry"],"acf":[],"_links":{"self":[{"href":"https:\/\/hmh.org\/es\/wp-json\/wp\/v2\/pages\/49162","targetHints":{"allow":["GET"]}}],"collection":[{"href":"https:\/\/hmh.org\/es\/wp-json\/wp\/v2\/pages"}],"about":[{"href":"https:\/\/hmh.org\/es\/wp-json\/wp\/v2\/types\/page"}],"author":[{"embeddable":true,"href":"https:\/\/hmh.org\/es\/wp-json\/wp\/v2\/users\/1"}],"replies":[{"embeddable":true,"href":"https:\/\/hmh.org\/es\/wp-json\/wp\/v2\/comments?post=49162"}],"version-history":[{"count":0,"href":"https:\/\/hmh.org\/es\/wp-json\/wp\/v2\/pages\/49162\/revisions"}],"wp:featuredmedia":[{"embeddable":true,"href":"https:\/\/hmh.org\/es\/wp-json\/wp\/v2\/media\/49217"}],"wp:attachment":[{"href":"https:\/\/hmh.org\/es\/wp-json\/wp\/v2\/media?parent=49162"}],"curies":[{"name":"wp","href":"https:\/\/api.w.org\/{rel}","templated":true}]}}